{"id":852,"date":"2022-05-27T11:32:40","date_gmt":"2022-05-27T11:32:40","guid":{"rendered":"https:\/\/comiba.es\/web\/?page_id=852"},"modified":"2023-03-23T11:51:27","modified_gmt":"2023-03-23T11:51:27","slug":"terminos-y-condiciones","status":"publish","type":"page","link":"https:\/\/comiba.es\/web\/terminos-y-condiciones\/","title":{"rendered":"T\u00e9rminos y condiciones"},"content":{"rendered":"<div>\n<div>Descripci\u00f3n del servicio\/s prestado por la Organizaci\u00f3n<\/div>\n<p><br class=\"avia-permanent-lb\" \/><\/p>\n<div>\u2013 Titular: DISTRIBUCIONES COMIBA CB<\/div>\n<div>\u2013 Direcci\u00f3n: C\/ CIUTAT 22, ARTA, 07570, Islas Baleares, Espa\u00f1a<\/div>\n<div>\u2013 e-mail: comiba@comiba.es<\/div>\n<div>\u2013 Tel\u00e9fono de contacto: 971836035<\/div>\n<p><br class=\"avia-permanent-lb\" \/><\/p>\n<div>Finalidad<\/div>\n<div>El titular de este portal es DISTRIBUCIONES COMIBA CB y pone el mismo a disposici\u00f3n de los usuarios de Internet, con el fin tanto de proporcionar informaci\u00f3n sobre los productos y ofertas tanto de https:\/\/comiba.es\/web como de DISTRIBUCIONES COMIBA CB, as\u00ed como permitir la adquisici\u00f3n de los productos ofertados por DISTRIBUCIONES COMIBA CB a trav\u00e9s del Portal.<\/div>\n<div>El presente Aviso Legal, junto con las condiciones generales de contrataci\u00f3n, y\/o las condiciones particulares que puedan establecerse, tienen por finalidad regular la puesta a disposici\u00f3n de la informaci\u00f3n as\u00ed las relaciones comerciales que surjan entre DISTRIBUCIONES COMIBA CB y los usuarios del Portal. Por la navegaci\u00f3n por el Portal y\/o por la utilizaci\u00f3n de los servicios incluidos en la Tienda de https:\/\/comiba.es\/web, Vd. adquiere la condici\u00f3n de Usuario. Tanto la navegaci\u00f3n, como la utilizaci\u00f3n y\/o la adquisici\u00f3n de cualquiera de los productos de la Tienda, suponen la aceptaci\u00f3n como Usuario, sin reservas de ninguna clase, a todas y cada una del presente Aviso Legal, de la Pol\u00edtica de Privacidad, de las Condiciones Generales de Contrataci\u00f3n que en su caso rijan la adquisici\u00f3n de los bienes o la prestaci\u00f3n de los servicios, as\u00ed como en su caso, a las Condiciones Particulares que, en su caso rijan la adquisici\u00f3n de los productos o la prestaci\u00f3n de los servicios.<\/div>\n<p><br class=\"avia-permanent-lb\" \/><\/p>\n<div>Modificaciones<\/div>\n<div>DISTRIBUCIONES COMIBA CB podr\u00e1 en todo momento y sin previo aviso, modificar el presente aviso legal, as\u00ed como las Condiciones Generales de Contrataci\u00f3n expuestas en el T\u00edtulo siguiente, y\/o las condiciones particulares que, en su caso, se incluyan, mediante la publicaci\u00f3n de dichas modificaciones en la Tienda con el fin de que puedan ser conocidas por los Usuarios, siempre antes de la visita a la Tienda o a la adquisici\u00f3n de cualesquiera bienes ofertados en la Tienda.<\/div>\n<p><br class=\"avia-permanent-lb\" \/><\/p>\n<div>Aplicaci\u00f3n del Aviso Legal y sus condiciones<\/div>\n<div>Estas Condiciones Generales expuestas en el Presente aviso Legal, se aplicar\u00e1n tanto a la actividad promocional y de suministro de informaci\u00f3n que se efect\u00faa a trav\u00e9s de la web https:\/\/comiba.es\/web como a la adquisici\u00f3n de bienes y\/o la prestaci\u00f3n de los productos y servicios ofrecidos en https:\/\/comiba.es\/web de tal manera que las mismas regir\u00e1n en todo momento tanto para la simple navegaci\u00f3n por la Tienda on-line, como para la adquisici\u00f3n de bienes y\/o a la prestaci\u00f3n de servicios en el marco de https:\/\/comiba.es\/web, si bien estas \u00faltimas actividades adicionalmente, se someter\u00e1n tanto a estas Condiciones Generales de Uso, del presente aviso legal, como a las condiciones generales de contrataci\u00f3n aplicables, y las condiciones particulares, que en su caso, pudieran existir.<\/div>\n<p><br class=\"avia-permanent-lb\" \/><\/p>\n<div>Derechos de Propiedad Intelectual<\/div>\n<div>1.- Todos los contenidos del sitio web https:\/\/comiba.es\/web (incluyendo, sin car\u00e1cter limitativo, bases de datos, im\u00e1genes y fotograf\u00edas, dibujos, gr\u00e1ficos y archivos de texto) son propiedad de DISTRIBUCIONES COMIBA CB o de los proveedores de contenidos, habiendo sido, en este \u00faltimo caso, objeto de licencia o cesi\u00f3n por parte de los mismos, y est\u00e1n protegidos por las normas nacionales e internacionales de propiedad intelectual, especialmente por el Texto refundido de la Ley de Propiedad Intelectual aprobada por Real Decreto 1\/1996 de 12 de abril. Los usuarios se comprometen a utilizar los contenidos puestos a disposici\u00f3n en https:\/\/comiba.es\/web de acuerdo con la citada Ley, as\u00ed como la moral y las buenas costumbres aceptadas y el orden p\u00fablico.<\/div>\n<div>El usuario se abstendr\u00e1 de llevar a cabo conductas que atenten contra los derechos de propiedad intelectual o industrial de DISTRIBUCIONES COMIBA CB, o de terceros, o que vulneren o transgredan la intimidad personal o familiar o la imagen de terceros, o que sean il\u00edcitos o atenten contra la moralidad. El usuario dejar\u00e1 en cualquier caso indemne a DISTRIBUCIONES COMIBA CB frente a cualquier reclamaci\u00f3n, judicial o extra judicial que se presente frente a ella como consecuencia de dicho uso.<\/div>\n<p><br class=\"avia-permanent-lb\" \/><\/p>\n<div>2.- Las marcas, r\u00f3tulos, signos distintivos o logos de sitio web https:\/\/comiba.es\/web son propiedad de DISTRIBUCIONES COMIBA CB y est\u00e1n debidamente registrados, sin que pueda entenderse cedidos al usuario ninguno de los derechos de explotaci\u00f3n m\u00e1s all\u00e1 que de lo estrictamente necesario para el correcto uso de la web.<\/div>\n<p><br class=\"avia-permanent-lb\" \/><\/p>\n<div>3.- Los textos, datos y dibujos gr\u00e1ficos son propiedad de DISTRIBUCIONES COMIBA CB o de las entidades proveedoras de informaci\u00f3n, no pudiendo ser objeto de ulterior modificaci\u00f3n, copia, transformaci\u00f3n, alteraci\u00f3n, reproducci\u00f3n, adaptaci\u00f3n o traducci\u00f3n por parte de terceros, sin la expresa autorizaci\u00f3n por parte del titular de dicho contenido. La puesta a disposici\u00f3n de los textos, datos y dibujos gr\u00e1ficos no implica, en ning\u00fan caso, la cesi\u00f3n de su titularidad o la concesi\u00f3n de un derecho de explotaci\u00f3n, reproducci\u00f3n, difusi\u00f3n, transformaci\u00f3n, distribuci\u00f3n, o transmisi\u00f3n a su favor, distinto del derecho de uso que comporta la utilizaci\u00f3n leg\u00edtima de https:\/\/comiba.es\/web.<\/div>\n<p><br class=\"avia-permanent-lb\" \/><\/p>\n<div>Manifestaciones<\/div>\n<div>1.- DISTRIBUCIONES COMIBA CB manifiesta que este sitio web dispone de la tecnolog\u00eda adecuada para permitir el acceso y utilizaci\u00f3n del mismo. No obstante, DISTRIBUCIONES COMIBA CB no se responsabiliza por la eventual existencia de virus u otros elementos nocivos, introducidos por cualquier medio o por cualquier tercero, que puedan producir alteraciones en sus sistemas inform\u00e1ticos.<\/div>\n<p><br class=\"avia-permanent-lb\" \/><\/p>\n<div>2.- El sitio web https:\/\/comiba.es\/web podr\u00eda contener inexactitudes, omisiones relevantes, imprecisiones o erratas. DISTRIBUCIONES COMIBA CB no garantiza, en ning\u00fan caso, la veracidad, exactitud y actualidad de los datos contenidos en su sitio web. El usuario que accede a https:\/\/comiba.es\/web exonera a DISTRIBUCIONES COMIBA CB de cualquier responsabilidad en relaci\u00f3n a la fiabilidad, utilidad o falsas expectativas que este sitio web pudiera producirle.<\/div>\n<p><br class=\"avia-permanent-lb\" \/><\/p>\n<div>Limitaci\u00f3n de responsabilidad<\/div>\n<div>1.- DISTRIBUCIONES COMIBA CB no ofrece garant\u00edas de ninguna clase en cuanto al funcionamiento del sitio web https:\/\/comiba.es\/web o a la informaci\u00f3n contenida en el mismo. DISTRIBUCIONES COMIBA CB no ser\u00e1 responsable de los da\u0144 os o perjuicios, de cualquier \u00edndole, que puedan derivarse del uso del sitio web https:\/\/comiba.es\/web.<\/div>\n<p><br class=\"avia-permanent-lb\" \/><\/p>\n<div>2.- DISTRIBUCIONES COMIBA CB excluye toda responsabilidad por la licitud, contenido y calidad de los datos e informaciones ofrecidos por terceras entidades a trav\u00e9s del sitio web https:\/\/comiba.es\/web.<\/div>\n<p><br class=\"avia-permanent-lb\" \/><\/p>\n<div>Enlaces hiperv\u00ednculos<\/div>\n<div>Opci\u00f3n 1<\/div>\n<div>1.- Los titulares de otros sitios web que deseen crear un hiperv\u00ednculo a https:\/\/comiba.es\/web, se comprometen a no establecer enlaces a sitios web en los que no aparezca el logotipo de DISTRIBUCIONES COMIBA CB y a no realizar manifestaciones falsas, inexactas o incorrectas, que puedan inducir a error o, en general, que sean contrarias a las leyes.<\/div>\n<p><br class=\"avia-permanent-lb\" \/><\/p>\n<div>2.- Los titulares de otros sitios web que deseen crear un hiperv\u00ednculo a https:\/\/comiba.es\/web se comprometen, asimismo, a no establecer hiperv\u00ednculos con sitios web que contengan contenidos, manifestaciones o propaganda de \u00edndole racista, xen\u00f3foba, pornogr\u00e1fica, de apolog\u00eda del terrorismo y, en general, puedan perjudicar de cualquier modo el buen nombre o la imagen de DISTRIBUCIONES COMIBA CB.<\/div>\n<p><br class=\"avia-permanent-lb\" \/><\/p>\n<div>3.- La inclusi\u00f3n de hiperv\u00ednculos en https:\/\/comiba.es\/web, no implica necesariamente que [indicar titular] mantenga relaciones mercantiles o v\u00ednculos asociativos con el titular del sitio web en la que se establezca el enlace.<\/div>\n<p><br class=\"avia-permanent-lb\" \/><\/p>\n<div>4.- El hiperv\u00ednculo \u00fanicamente permitir\u00e1 el acceso a la p\u00e1gina principal o p\u00e1gina de inicio del portal, pero no podr\u00e1 reproducirlas de ninguna forma. No se crear\u00e1 frame o marco sobre la p\u00e1gina web. No se realizar\u00e1n manifestaciones falsas o incorrectas sobre DISTRIBUCIONES COMIBA CB. No se declarar\u00e1 ni dar\u00e1 a entender que DISTRIBUCIONES COMIBA CB ha autorizado el enlace o que ha supervisado o asumido de cualquier forma los servicios ofrecidos o puestos a disposici\u00f3n en la p\u00e1gina web que se establece el enlace.<\/div>\n<p><br class=\"avia-permanent-lb\" \/><\/p>\n<div>5.- La presencia de hiperv\u00ednculo no implica en ning\u00fan caso la existencia de relaciones entre DISTRIBUCIONES COMIBA CB y la empresa que lo establezca ni su aceptaci\u00f3n y aprobaci\u00f3n de sus contenidos o servicios.<\/div>\n<p><br class=\"avia-permanent-lb\" \/><\/p>\n<div>6.- La presencia de hiperv\u00ednculos en https:\/\/comiba.es\/web tiene una finalidad meramente informativa, motivo por el cual, DISTRIBUCIONES COMIBA CB no se responsabiliza ni otorga garant\u00eda de ninguna naturaleza, ni expresa ni impl\u00edcita respecto a la comerciabilidad, idoneidad, calidad, caracter\u00edsticas, procedencia, comercializaci\u00f3n o cualquier otro aspecto de las informaciones y\/o productos y\/o servicios que se ofrezcan a trav\u00e9s del sitio web referenciado.<\/div>\n<p><br class=\"avia-permanent-lb\" \/><\/p>\n<div>Opci\u00f3n 2<\/div>\n<div>No se podr\u00e1 establecer ning\u00fan v\u00ednculo al Portal https:\/\/comiba.es\/web desde cualquier otra web sin el previo y expreso consentimiento de DISTRIBUCIONES COMIBA CB.<\/div>\n<p><br class=\"avia-permanent-lb\" \/><\/p>\n<div>Normativa legal y jurisdicci\u00f3n aplicable<\/div>\n<div>El Aviso Legal, de este Sitio Web, as\u00ed como el resto de su contenido, se han realizado respetando la legislaci\u00f3n que rige en la materia, que adem\u00e1s, ser\u00e1 de aplicaci\u00f3n en lo no dispuesto en este contrato en materia de interpretaci\u00f3n, validez y ejecuci\u00f3n<\/div>\n<div>Las partes se someten expresamente a los Juzgados y Tribunales de Palma de Mallorca para la resoluci\u00f3n de todos los conflictos que puedan surgir en la interpretaci\u00f3n o ejecuci\u00f3n de las presentes condiciones contractuales. Renunciando expresamente a cualquier otro fuero o jurisdicci\u00f3n que le pudiere corresponder.<\/div>\n<\/div>\n","protected":false},"excerpt":{"rendered":"<p>Descripci\u00f3n del servicio\/s prestado por la Organizaci\u00f3n \u2013 Titular: DISTRIBUCIONES COMIBA CB \u2013 Direcci\u00f3n: C\/ CIUTAT 22, ARTA, 07570, Islas Baleares, Espa\u00f1a \u2013 e-mail: comiba@comiba.es \u2013 Tel\u00e9fono de contacto: 971836035 Finalidad El titular de este portal es DISTRIBUCIONES COMIBA CB y pone el mismo a disposici\u00f3n de los usuarios de Internet, con el fin tanto [&hellip;]<\/p>\n","protected":false},"author":1,"featured_media":0,"parent":0,"menu_order":0,"comment_status":"closed","ping_status":"closed","template":"","meta":{"footnotes":""},"yoast_head":"<!-- This site is optimized with the Yoast SEO plugin v23.5 - https:\/\/yoast.com\/wordpress\/plugins\/seo\/ -->\n<title>T\u00e9rminos y condiciones - Comiba.es<\/title>\n<meta name=\"robots\" content=\"index, follow, max-snippet:-1, max-image-preview:large, max-video-preview:-1\" \/>\n<link rel=\"canonical\" href=\"https:\/\/comiba.es\/web\/terminos-y-condiciones\/\" \/>\n<meta property=\"og:locale\" content=\"es_ES\" \/>\n<meta property=\"og:type\" content=\"article\" \/>\n<meta property=\"og:title\" content=\"T\u00e9rminos y condiciones - Comiba.es\" \/>\n<meta property=\"og:description\" content=\"Descripci\u00f3n del servicio\/s prestado por la Organizaci\u00f3n \u2013 Titular: DISTRIBUCIONES COMIBA CB \u2013 Direcci\u00f3n: C\/ CIUTAT 22, ARTA, 07570, Islas Baleares, Espa\u00f1a \u2013 e-mail: comiba@comiba.es \u2013 Tel\u00e9fono de contacto: 971836035 Finalidad El titular de este portal es DISTRIBUCIONES COMIBA CB y pone el mismo a disposici\u00f3n de los usuarios de Internet, con el fin tanto [&hellip;]\" \/>\n<meta property=\"og:url\" content=\"https:\/\/comiba.es\/web\/terminos-y-condiciones\/\" \/>\n<meta property=\"og:site_name\" content=\"Comiba.es\" \/>\n<meta property=\"article:publisher\" content=\"https:\/\/www.facebook.com\/Distribuciones-Comiba-426337887489214\" \/>\n<meta property=\"article:modified_time\" content=\"2023-03-23T11:51:27+00:00\" \/>\n<meta name=\"twitter:card\" content=\"summary_large_image\" \/>\n<meta name=\"twitter:label1\" content=\"Tiempo de lectura\" \/>\n\t<meta name=\"twitter:data1\" content=\"8 minutos\" \/>\n<script type=\"application\/ld+json\" class=\"yoast-schema-graph\">{\"@context\":\"https:\/\/schema.org\",\"@graph\":[{\"@type\":\"WebPage\",\"@id\":\"https:\/\/comiba.es\/web\/terminos-y-condiciones\/\",\"url\":\"https:\/\/comiba.es\/web\/terminos-y-condiciones\/\",\"name\":\"T\u00e9rminos y condiciones - Comiba.es\",\"isPartOf\":{\"@id\":\"https:\/\/comiba.es\/web\/#website\"},\"datePublished\":\"2022-05-27T11:32:40+00:00\",\"dateModified\":\"2023-03-23T11:51:27+00:00\",\"breadcrumb\":{\"@id\":\"https:\/\/comiba.es\/web\/terminos-y-condiciones\/#breadcrumb\"},\"inLanguage\":\"es\",\"potentialAction\":[{\"@type\":\"ReadAction\",\"target\":[\"https:\/\/comiba.es\/web\/terminos-y-condiciones\/\"]}]},{\"@type\":\"BreadcrumbList\",\"@id\":\"https:\/\/comiba.es\/web\/terminos-y-condiciones\/#breadcrumb\",\"itemListElement\":[{\"@type\":\"ListItem\",\"position\":1,\"name\":\"Portada\",\"item\":\"https:\/\/comiba.es\/web\/inicio\/\"},{\"@type\":\"ListItem\",\"position\":2,\"name\":\"T\u00e9rminos y condiciones\"}]},{\"@type\":\"WebSite\",\"@id\":\"https:\/\/comiba.es\/web\/#website\",\"url\":\"https:\/\/comiba.es\/web\/\",\"name\":\"Comiba.es\",\"description\":\"Distribuidor autorizado de productos audiovisuales &amp; car audio.\",\"publisher\":{\"@id\":\"https:\/\/comiba.es\/web\/#organization\"},\"potentialAction\":[{\"@type\":\"SearchAction\",\"target\":{\"@type\":\"EntryPoint\",\"urlTemplate\":\"https:\/\/comiba.es\/web\/?s={search_term_string}\"},\"query-input\":{\"@type\":\"PropertyValueSpecification\",\"valueRequired\":true,\"valueName\":\"search_term_string\"}}],\"inLanguage\":\"es\"},{\"@type\":\"Organization\",\"@id\":\"https:\/\/comiba.es\/web\/#organization\",\"name\":\"Comiba.es\",\"url\":\"https:\/\/comiba.es\/web\/\",\"logo\":{\"@type\":\"ImageObject\",\"inLanguage\":\"es\",\"@id\":\"https:\/\/comiba.es\/web\/#\/schema\/logo\/image\/\",\"url\":\"https:\/\/comiba.es\/web\/wp-content\/uploads\/2023\/03\/logo-portada.png\",\"contentUrl\":\"https:\/\/comiba.es\/web\/wp-content\/uploads\/2023\/03\/logo-portada.png\",\"width\":191,\"height\":127,\"caption\":\"Comiba.es\"},\"image\":{\"@id\":\"https:\/\/comiba.es\/web\/#\/schema\/logo\/image\/\"},\"sameAs\":[\"https:\/\/www.facebook.com\/Distribuciones-Comiba-426337887489214\",\"https:\/\/www.instagram.com\/distribuciones_comiba\/?hl=es\"]}]}<\/script>\n<!-- \/ Yoast SEO plugin. -->","yoast_head_json":{"title":"T\u00e9rminos y condiciones - Comiba.es","robots":{"index":"index","follow":"follow","max-snippet":"max-snippet:-1","max-image-preview":"max-image-preview:large","max-video-preview":"max-video-preview:-1"},"canonical":"https:\/\/comiba.es\/web\/terminos-y-condiciones\/","og_locale":"es_ES","og_type":"article","og_title":"T\u00e9rminos y condiciones - Comiba.es","og_description":"Descripci\u00f3n del servicio\/s prestado por la Organizaci\u00f3n \u2013 Titular: DISTRIBUCIONES COMIBA CB \u2013 Direcci\u00f3n: C\/ CIUTAT 22, ARTA, 07570, Islas Baleares, Espa\u00f1a \u2013 e-mail: comiba@comiba.es \u2013 Tel\u00e9fono de contacto: 971836035 Finalidad El titular de este portal es DISTRIBUCIONES COMIBA CB y pone el mismo a disposici\u00f3n de los usuarios de Internet, con el fin tanto [&hellip;]","og_url":"https:\/\/comiba.es\/web\/terminos-y-condiciones\/","og_site_name":"Comiba.es","article_publisher":"https:\/\/www.facebook.com\/Distribuciones-Comiba-426337887489214","article_modified_time":"2023-03-23T11:51:27+00:00","twitter_card":"summary_large_image","twitter_misc":{"Tiempo de lectura":"8 minutos"},"schema":{"@context":"https:\/\/schema.org","@graph":[{"@type":"WebPage","@id":"https:\/\/comiba.es\/web\/terminos-y-condiciones\/","url":"https:\/\/comiba.es\/web\/terminos-y-condiciones\/","name":"T\u00e9rminos y condiciones - Comiba.es","isPartOf":{"@id":"https:\/\/comiba.es\/web\/#website"},"datePublished":"2022-05-27T11:32:40+00:00","dateModified":"2023-03-23T11:51:27+00:00","breadcrumb":{"@id":"https:\/\/comiba.es\/web\/terminos-y-condiciones\/#breadcrumb"},"inLanguage":"es","potentialAction":[{"@type":"ReadAction","target":["https:\/\/comiba.es\/web\/terminos-y-condiciones\/"]}]},{"@type":"BreadcrumbList","@id":"https:\/\/comiba.es\/web\/terminos-y-condiciones\/#breadcrumb","itemListElement":[{"@type":"ListItem","position":1,"name":"Portada","item":"https:\/\/comiba.es\/web\/inicio\/"},{"@type":"ListItem","position":2,"name":"T\u00e9rminos y condiciones"}]},{"@type":"WebSite","@id":"https:\/\/comiba.es\/web\/#website","url":"https:\/\/comiba.es\/web\/","name":"Comiba.es","description":"Distribuidor autorizado de productos audiovisuales &amp; car audio.","publisher":{"@id":"https:\/\/comiba.es\/web\/#organization"},"potentialAction":[{"@type":"SearchAction","target":{"@type":"EntryPoint","urlTemplate":"https:\/\/comiba.es\/web\/?s={search_term_string}"},"query-input":{"@type":"PropertyValueSpecification","valueRequired":true,"valueName":"search_term_string"}}],"inLanguage":"es"},{"@type":"Organization","@id":"https:\/\/comiba.es\/web\/#organization","name":"Comiba.es","url":"https:\/\/comiba.es\/web\/","logo":{"@type":"ImageObject","inLanguage":"es","@id":"https:\/\/comiba.es\/web\/#\/schema\/logo\/image\/","url":"https:\/\/comiba.es\/web\/wp-content\/uploads\/2023\/03\/logo-portada.png","contentUrl":"https:\/\/comiba.es\/web\/wp-content\/uploads\/2023\/03\/logo-portada.png","width":191,"height":127,"caption":"Comiba.es"},"image":{"@id":"https:\/\/comiba.es\/web\/#\/schema\/logo\/image\/"},"sameAs":["https:\/\/www.facebook.com\/Distribuciones-Comiba-426337887489214","https:\/\/www.instagram.com\/distribuciones_comiba\/?hl=es"]}]}},"_links":{"self":[{"href":"https:\/\/comiba.es\/web\/wp-json\/wp\/v2\/pages\/852"}],"collection":[{"href":"https:\/\/comiba.es\/web\/wp-json\/wp\/v2\/pages"}],"about":[{"href":"https:\/\/comiba.es\/web\/wp-json\/wp\/v2\/types\/page"}],"author":[{"embeddable":true,"href":"https:\/\/comiba.es\/web\/wp-json\/wp\/v2\/users\/1"}],"replies":[{"embeddable":true,"href":"https:\/\/comiba.es\/web\/wp-json\/wp\/v2\/comments?post=852"}],"version-history":[{"count":3,"href":"https:\/\/comiba.es\/web\/wp-json\/wp\/v2\/pages\/852\/revisions"}],"predecessor-version":[{"id":1148,"href":"https:\/\/comiba.es\/web\/wp-json\/wp\/v2\/pages\/852\/revisions\/1148"}],"wp:attachment":[{"href":"https:\/\/comiba.es\/web\/wp-json\/wp\/v2\/media?parent=852"}],"curies":[{"name":"wp","href":"https:\/\/api.w.org\/{rel}","templated":true}]}}