{"id":808,"date":"2022-05-27T09:49:58","date_gmt":"2022-05-27T09:49:58","guid":{"rendered":"https:\/\/comiba.es\/web\/?page_id=808"},"modified":"2023-06-13T08:02:19","modified_gmt":"2023-06-13T08:02:19","slug":"rma","status":"publish","type":"page","link":"https:\/\/comiba.es\/web\/rma\/","title":{"rendered":"RMA"},"content":{"rendered":"<div id='full_slider_1'  class='avia-fullwidth-slider main_color avia-shadow   avia-builder-el-0  el_before_av_one_full  avia-builder-el-first   container_wrap sidebar_right'  ><div   data-size='no scaling'  data-lightbox_size='large'  data-animation='slide'  data-conditional_play=''  data-ids='277'  data-video_counter='0'  data-autoplay='false'  data-bg_slider='false'  data-slide_height=''  data-handle='av_slideshow_full'  data-interval='5'  data-class=' '  data-el_id=''  data-css_id=''  data-scroll_down=''  data-control_layout='av-control-default'  data-custom_markup=''  data-perma_caption=''  data-autoplay_stopper=''  data-image_attachment=''  data-min_height='0px'  data-lazy_loading='disabled'  data-src=''  data-position='top left'  data-repeat='no-repeat'  data-attach='scroll'  data-stretch=''  class='avia-slideshow avia-slideshow-1  av-control-default av-default-height-applied avia-slideshow-no scaling av_slideshow_full   avia-slide-slider '  itemprop=\"image\" itemscope=\"itemscope\" itemtype=\"https:\/\/schema.org\/ImageObject\" ><ul class='avia-slideshow-inner ' style='padding-bottom: 20.833333333333%;' ><li  class=' av-single-slide slide-1 ' ><div data-rel='slideshow-1' class='avia-slide-wrap '   ><img decoding=\"async\" class=\"wp-image-277 avia-img-lazy-loading-not-277\"  src=\"https:\/\/comiba.es\/web\/wp-content\/uploads\/2016\/11\/Contactar.jpg\" width=\"1920\" height=\"400\" title='Contactar' alt=''  itemprop=\"thumbnailUrl\" srcset=\"https:\/\/comiba.es\/web\/wp-content\/uploads\/2016\/11\/Contactar.jpg 1920w, https:\/\/comiba.es\/web\/wp-content\/uploads\/2016\/11\/Contactar-300x63.jpg 300w, https:\/\/comiba.es\/web\/wp-content\/uploads\/2016\/11\/Contactar-768x160.jpg 768w, https:\/\/comiba.es\/web\/wp-content\/uploads\/2016\/11\/Contactar-1030x215.jpg 1030w, https:\/\/comiba.es\/web\/wp-content\/uploads\/2016\/11\/Contactar-1500x313.jpg 1500w, https:\/\/comiba.es\/web\/wp-content\/uploads\/2016\/11\/Contactar-705x147.jpg 705w, https:\/\/comiba.es\/web\/wp-content\/uploads\/2016\/11\/Contactar-450x94.jpg 450w\" sizes=\"(max-width: 1920px) 100vw, 1920px\" \/><\/div><\/li><\/ul><\/div><\/div><div id='after_full_slider_1'  class='main_color av_default_container_wrap container_wrap sidebar_right'  ><div class='container av-section-cont-open' ><div class='template-page content  av-content-small alpha units'><div class='post-entry post-entry-type-page post-entry-808'><div class='entry-content-wrapper clearfix'>\n\n<style type=\"text\/css\" data-created_by=\"avia_inline_auto\" id=\"style-css-av-av_one_full-15d750bd1b332b34c6e70b077ebbccdf\">\n.flex_column.av-av_one_full-15d750bd1b332b34c6e70b077ebbccdf{\nborder-radius:0px 0px 0px 0px;\n-webkit-border-radius:0px 0px 0px 0px;\n-moz-border-radius:0px 0px 0px 0px;\n}\n<\/style>\n<div class='flex_column av-av_one_full-15d750bd1b332b34c6e70b077ebbccdf av_one_full  avia-builder-el-1  el_after_av_slideshow_full  el_before_av_one_fifth  avia-builder-el-first  first flex_column_div av-zero-column-padding '   ><p>\n<style type=\"text\/css\" data-created_by=\"avia_inline_auto\" id=\"style-css-av-av_heading-ca19c41cc6bc2e306f0d2be2b5cecf3c\">\n#top .av-special-heading.av-av_heading-ca19c41cc6bc2e306f0d2be2b5cecf3c{\npadding-bottom:10px;\n}\n<\/style>\n<div  class='av-special-heading av-av_heading-ca19c41cc6bc2e306f0d2be2b5cecf3c av-special-heading-h3 blockquote modern-quote modern-centered  avia-builder-el-2  el_before_av_textblock  avia-builder-el-first  '><h3 class='av-special-heading-tag '  itemprop=\"headline\"  >Tramita tu RMA<\/h3><div class='special-heading-border'><div class='special-heading-inner-border'><\/div><\/div><\/div><br \/>\n<section class=\"av_textblock_section \"  itemscope=\"itemscope\" itemtype=\"https:\/\/schema.org\/CreativeWork\" ><div class='avia_textblock  '   itemprop=\"text\" ><p>Bienvenido a nuestro formulario de RMA. Desde esta p\u00e1gina podr\u00e1s contactar con COMIBA para tramitar tu RMA. Rellena el formulario que encontrar\u00e1s a continuaci\u00f3n y tramitaremos tu RMA a la mayor brevedad prosible. Tu mensaje no se ver\u00e1 en ninguna secci\u00f3n de la web, ni ser\u00e1 publico en cualquier caso, \u00fanicamente lo recibir\u00e1 el equipo de COMIBA.<\/p>\n<\/div><\/section><\/p><\/div>\n\n<style type=\"text\/css\" data-created_by=\"avia_inline_auto\" id=\"style-css-av-av_one_fifth-15d750bd1b332b34c6e70b077ebbccdf\">\n.flex_column.av-av_one_fifth-15d750bd1b332b34c6e70b077ebbccdf{\nborder-radius:0px 0px 0px 0px;\n-webkit-border-radius:0px 0px 0px 0px;\n-moz-border-radius:0px 0px 0px 0px;\n}\n<\/style>\n<div class='flex_column av-av_one_fifth-15d750bd1b332b34c6e70b077ebbccdf av_one_fifth  avia-builder-el-4  el_after_av_one_full  el_before_av_three_fifth  first flex_column_div av-zero-column-padding column-top-margin'   ><\/div>\n\n<style type=\"text\/css\" data-created_by=\"avia_inline_auto\" id=\"style-css-av-av_three_fifth-c8fc129dc35fd1ae2a1e410224d39ea8\">\n.flex_column.av-av_three_fifth-c8fc129dc35fd1ae2a1e410224d39ea8{\nborder-radius:0px 0px 0px 0px;\n-webkit-border-radius:0px 0px 0px 0px;\n-moz-border-radius:0px 0px 0px 0px;\n}\n<\/style>\n<div class='flex_column av-av_three_fifth-c8fc129dc35fd1ae2a1e410224d39ea8 av_three_fifth  avia-builder-el-5  el_after_av_one_fifth  el_before_av_one_fifth  flex_column_div av-zero-column-padding column-top-margin'   ><form action=\"https:\/\/comiba.es\/web\/rma\/\" method=\"post\"  class=\"avia_ajax_form av-form-labels-visible   avia-builder-el-6  avia-builder-el-no-sibling   \" data-avia-form-id=\"1\" data-avia-redirect='' ><h3 class=''>Cont\u00e1ctanos<\/h3><fieldset><p class='  first_form  form_element form_fullwidth' id='element_avia_1_1'><label for=\"avia_1_1\">Distribuidor <abbr class=\"required\" title=\"requerido\">*<\/abbr><\/label> <input name=\"avia_1_1\" class=\"text_input is_empty\" type=\"text\" id=\"avia_1_1\" value=\"\" \/><\/p><p class='  first_form  form_element form_fullwidth' id='element_avia_2_1'><label for=\"avia_2_1\">Persona de contacto <abbr class=\"required\" title=\"requerido\">*<\/abbr><\/label> <input name=\"avia_2_1\" class=\"text_input is_empty\" type=\"text\" id=\"avia_2_1\" value=\"\" \/><\/p><p class='  first_form  form_element form_fullwidth' id='element_avia_3_1'><label for=\"avia_3_1\">Correo electr\u00f3nico <abbr class=\"required\" title=\"requerido\">*<\/abbr><\/label> <input name=\"avia_3_1\" class=\"text_input is_email\" type=\"text\" id=\"avia_3_1\" value=\"\" \/><\/p><p class=' first_form  form_element form_fullwidth' id='element_avia_4_1'><label for=\"avia_4_1\">Fecha de Venta <abbr class=\"required\" title=\"requerido\">*<\/abbr><\/label> <input name=\"avia_4_1\" class=\"avia_datepicker text_input is_empty\" type=\"text\" id=\"avia_4_1\" value=\"\" placeholder=\"DD \/ MM \/ YY\" \/><\/p><p class='  first_form  form_element form_fullwidth' id='element_avia_5_1'><label for=\"avia_5_1\">Marca y Modelo <abbr class=\"required\" title=\"requerido\">*<\/abbr><\/label> <input name=\"avia_5_1\" class=\"text_input is_empty\" type=\"text\" id=\"avia_5_1\" value=\"\" \/><\/p><p class='  first_form  form_element form_fullwidth' id='element_avia_6_1'><label for=\"avia_6_1\">Color <abbr class=\"required\" title=\"requerido\">*<\/abbr><\/label> <input name=\"avia_6_1\" class=\"text_input is_empty\" type=\"text\" id=\"avia_6_1\" value=\"\" \/><\/p><p class='  first_form  form_element form_fullwidth' id='element_avia_7_1'><label for=\"avia_7_1\">N\u00famero de serie<\/label> <input name=\"avia_7_1\" class=\"text_input \" type=\"text\" id=\"avia_7_1\" value=\"\" \/><\/p><p class=' first_form  form_element form_fullwidth' id='element_avia_8_1'><label for=\"avia_8_1\">Garant\u00eda <abbr class=\"required\" title=\"requerido\">*<\/abbr><\/label> <select  name=\"avia_8_1\" class=\"select is_empty\" id=\"avia_8_1\"><option  value ='Si'>Si<\/option><option  value ='No'>No<\/option><\/select><\/p><p class=\"hidden\"><input type=\"text\" name=\"avia_9_1\" class=\"hidden \" id=\"avia_9_1\" value=\"\" \/><\/p><p class='   form_element form_fullwidth' id='element_avia_10_1'><span class='value_verifier_label'>1 + 0 = ?<\/span><input name=\"avia_10_1_verifier\" type=\"hidden\" id=\"avia_10_1_verifier\" value=\"132147176\"\/><label for=\"avia_10_1\">Para mayor seguridad, responde la siguiente pregunta <abbr class=\"required\" title=\"requerido\">*<\/abbr><\/label><input name=\"avia_10_1\" class=\"text_input captcha\" type=\"text\" id=\"avia_10_1\" value=\"\"\/><\/p><p class=\"form_element \"><input type=\"hidden\" value=\"1\" name=\"avia_generated_form1\" \/><input type=\"submit\" value=\"Enviar\" class=\"button\"  data-sending-label=\"Enviando\"\/><\/p><\/fieldset><\/form><div id=\"ajaxresponse_1\" class=\"ajaxresponse ajaxresponse_1 hidden\"><\/div><\/div>\n<style type=\"text\/css\" data-created_by=\"avia_inline_auto\" id=\"style-css-av-av_one_fifth-c8fc129dc35fd1ae2a1e410224d39ea8\">\n.flex_column.av-av_one_fifth-c8fc129dc35fd1ae2a1e410224d39ea8{\nborder-radius:0px 0px 0px 0px;\n-webkit-border-radius:0px 0px 0px 0px;\n-moz-border-radius:0px 0px 0px 0px;\n}\n<\/style>\n<div class='flex_column av-av_one_fifth-c8fc129dc35fd1ae2a1e410224d39ea8 av_one_fifth  avia-builder-el-7  el_after_av_three_fifth  el_before_av_one_full  flex_column_div av-zero-column-padding column-top-margin'   ><\/div><\/p>\n<div class='flex_column av-av_one_full-2a9015ff38129c418a3f2eafba3e9512 av_one_full  avia-builder-el-8  el_after_av_one_fifth  avia-builder-el-last  first flex_column_div column-top-margin'   ><p>\n<style type=\"text\/css\" data-created_by=\"avia_inline_auto\" id=\"style-css-av-av_heading-512f902b85263467a9cb52b74de6ef13\">\n#top .av-special-heading.av-av_heading-512f902b85263467a9cb52b74de6ef13{\npadding-bottom:10px;\n}\n<\/style>\n<div  class='av-special-heading av-av_heading-512f902b85263467a9cb52b74de6ef13 av-special-heading-h3  avia-builder-el-9  el_before_av_textblock  avia-builder-el-first  '><h3 class='av-special-heading-tag '  itemprop=\"headline\"  >Privacidad<\/h3><div class='special-heading-border'><div class='special-heading-inner-border'><\/div><\/div><\/div><br \/>\n<section class=\"av_textblock_section \"  itemscope=\"itemscope\" itemtype=\"https:\/\/schema.org\/CreativeWork\" ><div class='avia_textblock  '   itemprop=\"text\" ><p>Le informamos que los datos personales obtenidos mediante este formulario, as\u00ed como su direcci\u00f3n de correo electr\u00f3nico, han ser\u00e1n incorporados en un fichero del cual es responsable DISTRIBUCIONES COMIBA, CB, con la finalidad de atender sus consultas y enviarles informaci\u00f3n relacionada con la enditad que pudiera ser de su inter\u00e9s.<\/p>\n<ul>\n<li>DISTRIBUCIONES COMIBA, CB se compromete a usar los datos recogidos mediantes este formulario, \u00fanicamente para la finalidad anteriormente mencionada.<\/li>\n<\/ul>\n<ul>\n<li>El interesado declara tener conocimiento del destino y uso de los datos personales recogidos mediante la lectura de la presente cl\u00e1usula.<\/li>\n<\/ul>\n<ul>\n<li>En env\u00edo de este e-mail\/formulario implica la aceptaci\u00f3n de las cl\u00e1usulas expuestas.<\/li>\n<\/ul>\n<ul>\n<li>Si desea ejercer los derechos de acceso, rectificaci\u00f3n, cancelaci\u00f3n u oposici\u00f3n en los t\u00e9rminos establecidos en la Ley Org\u00e1nica 15\/1999, puede hacerlo a la siguiente direcci\u00f3n DISTRIBUCIONES COMIBA, CB; C\/ CIUTAT, N\u00ba 22, 07570 ART\u00c0.<\/li>\n<\/ul>\n<\/div><\/section><\/p><\/div>\n","protected":false},"excerpt":{"rendered":"","protected":false},"author":1,"featured_media":0,"parent":0,"menu_order":0,"comment_status":"closed","ping_status":"closed","template":"","meta":{"footnotes":""},"yoast_head":"<!-- This site is optimized with the Yoast SEO plugin v23.5 - https:\/\/yoast.com\/wordpress\/plugins\/seo\/ -->\n<title>RMA - Comiba.es<\/title>\n<meta name=\"description\" content=\"Tramitar RMA\" \/>\n<meta name=\"robots\" content=\"index, follow, max-snippet:-1, max-image-preview:large, max-video-preview:-1\" \/>\n<link rel=\"canonical\" href=\"https:\/\/comiba.es\/web\/rma\/\" \/>\n<meta property=\"og:locale\" content=\"es_ES\" \/>\n<meta property=\"og:type\" content=\"article\" \/>\n<meta property=\"og:title\" content=\"RMA - Comiba.es\" \/>\n<meta property=\"og:description\" content=\"Tramitar RMA\" \/>\n<meta property=\"og:url\" content=\"https:\/\/comiba.es\/web\/rma\/\" \/>\n<meta property=\"og:site_name\" content=\"Comiba.es\" \/>\n<meta property=\"article:publisher\" content=\"https:\/\/www.facebook.com\/Distribuciones-Comiba-426337887489214\" \/>\n<meta property=\"article:modified_time\" content=\"2023-06-13T08:02:19+00:00\" \/>\n<meta name=\"twitter:card\" content=\"summary_large_image\" \/>\n<meta name=\"twitter:label1\" content=\"Tiempo de lectura\" \/>\n\t<meta name=\"twitter:data1\" content=\"5 minutos\" \/>\n<script type=\"application\/ld+json\" class=\"yoast-schema-graph\">{\"@context\":\"https:\/\/schema.org\",\"@graph\":[{\"@type\":\"WebPage\",\"@id\":\"https:\/\/comiba.es\/web\/rma\/\",\"url\":\"https:\/\/comiba.es\/web\/rma\/\",\"name\":\"RMA - Comiba.es\",\"isPartOf\":{\"@id\":\"https:\/\/comiba.es\/web\/#website\"},\"datePublished\":\"2022-05-27T09:49:58+00:00\",\"dateModified\":\"2023-06-13T08:02:19+00:00\",\"description\":\"Tramitar RMA\",\"breadcrumb\":{\"@id\":\"https:\/\/comiba.es\/web\/rma\/#breadcrumb\"},\"inLanguage\":\"es\",\"potentialAction\":[{\"@type\":\"ReadAction\",\"target\":[\"https:\/\/comiba.es\/web\/rma\/\"]}]},{\"@type\":\"BreadcrumbList\",\"@id\":\"https:\/\/comiba.es\/web\/rma\/#breadcrumb\",\"itemListElement\":[{\"@type\":\"ListItem\",\"position\":1,\"name\":\"Portada\",\"item\":\"https:\/\/comiba.es\/web\/inicio\/\"},{\"@type\":\"ListItem\",\"position\":2,\"name\":\"RMA\"}]},{\"@type\":\"WebSite\",\"@id\":\"https:\/\/comiba.es\/web\/#website\",\"url\":\"https:\/\/comiba.es\/web\/\",\"name\":\"Comiba.es\",\"description\":\"Distribuidor autorizado de productos audiovisuales &amp; car audio.\",\"publisher\":{\"@id\":\"https:\/\/comiba.es\/web\/#organization\"},\"potentialAction\":[{\"@type\":\"SearchAction\",\"target\":{\"@type\":\"EntryPoint\",\"urlTemplate\":\"https:\/\/comiba.es\/web\/?s={search_term_string}\"},\"query-input\":{\"@type\":\"PropertyValueSpecification\",\"valueRequired\":true,\"valueName\":\"search_term_string\"}}],\"inLanguage\":\"es\"},{\"@type\":\"Organization\",\"@id\":\"https:\/\/comiba.es\/web\/#organization\",\"name\":\"Comiba.es\",\"url\":\"https:\/\/comiba.es\/web\/\",\"logo\":{\"@type\":\"ImageObject\",\"inLanguage\":\"es\",\"@id\":\"https:\/\/comiba.es\/web\/#\/schema\/logo\/image\/\",\"url\":\"https:\/\/comiba.es\/web\/wp-content\/uploads\/2023\/03\/logo-portada.png\",\"contentUrl\":\"https:\/\/comiba.es\/web\/wp-content\/uploads\/2023\/03\/logo-portada.png\",\"width\":191,\"height\":127,\"caption\":\"Comiba.es\"},\"image\":{\"@id\":\"https:\/\/comiba.es\/web\/#\/schema\/logo\/image\/\"},\"sameAs\":[\"https:\/\/www.facebook.com\/Distribuciones-Comiba-426337887489214\",\"https:\/\/www.instagram.com\/distribuciones_comiba\/?hl=es\"]}]}<\/script>\n<!-- \/ Yoast SEO plugin. -->","yoast_head_json":{"title":"RMA - Comiba.es","description":"Tramitar RMA","robots":{"index":"index","follow":"follow","max-snippet":"max-snippet:-1","max-image-preview":"max-image-preview:large","max-video-preview":"max-video-preview:-1"},"canonical":"https:\/\/comiba.es\/web\/rma\/","og_locale":"es_ES","og_type":"article","og_title":"RMA - Comiba.es","og_description":"Tramitar RMA","og_url":"https:\/\/comiba.es\/web\/rma\/","og_site_name":"Comiba.es","article_publisher":"https:\/\/www.facebook.com\/Distribuciones-Comiba-426337887489214","article_modified_time":"2023-06-13T08:02:19+00:00","twitter_card":"summary_large_image","twitter_misc":{"Tiempo de lectura":"5 minutos"},"schema":{"@context":"https:\/\/schema.org","@graph":[{"@type":"WebPage","@id":"https:\/\/comiba.es\/web\/rma\/","url":"https:\/\/comiba.es\/web\/rma\/","name":"RMA - Comiba.es","isPartOf":{"@id":"https:\/\/comiba.es\/web\/#website"},"datePublished":"2022-05-27T09:49:58+00:00","dateModified":"2023-06-13T08:02:19+00:00","description":"Tramitar RMA","breadcrumb":{"@id":"https:\/\/comiba.es\/web\/rma\/#breadcrumb"},"inLanguage":"es","potentialAction":[{"@type":"ReadAction","target":["https:\/\/comiba.es\/web\/rma\/"]}]},{"@type":"BreadcrumbList","@id":"https:\/\/comiba.es\/web\/rma\/#breadcrumb","itemListElement":[{"@type":"ListItem","position":1,"name":"Portada","item":"https:\/\/comiba.es\/web\/inicio\/"},{"@type":"ListItem","position":2,"name":"RMA"}]},{"@type":"WebSite","@id":"https:\/\/comiba.es\/web\/#website","url":"https:\/\/comiba.es\/web\/","name":"Comiba.es","description":"Distribuidor autorizado de productos audiovisuales &amp; car audio.","publisher":{"@id":"https:\/\/comiba.es\/web\/#organization"},"potentialAction":[{"@type":"SearchAction","target":{"@type":"EntryPoint","urlTemplate":"https:\/\/comiba.es\/web\/?s={search_term_string}"},"query-input":{"@type":"PropertyValueSpecification","valueRequired":true,"valueName":"search_term_string"}}],"inLanguage":"es"},{"@type":"Organization","@id":"https:\/\/comiba.es\/web\/#organization","name":"Comiba.es","url":"https:\/\/comiba.es\/web\/","logo":{"@type":"ImageObject","inLanguage":"es","@id":"https:\/\/comiba.es\/web\/#\/schema\/logo\/image\/","url":"https:\/\/comiba.es\/web\/wp-content\/uploads\/2023\/03\/logo-portada.png","contentUrl":"https:\/\/comiba.es\/web\/wp-content\/uploads\/2023\/03\/logo-portada.png","width":191,"height":127,"caption":"Comiba.es"},"image":{"@id":"https:\/\/comiba.es\/web\/#\/schema\/logo\/image\/"},"sameAs":["https:\/\/www.facebook.com\/Distribuciones-Comiba-426337887489214","https:\/\/www.instagram.com\/distribuciones_comiba\/?hl=es"]}]}},"_links":{"self":[{"href":"https:\/\/comiba.es\/web\/wp-json\/wp\/v2\/pages\/808"}],"collection":[{"href":"https:\/\/comiba.es\/web\/wp-json\/wp\/v2\/pages"}],"about":[{"href":"https:\/\/comiba.es\/web\/wp-json\/wp\/v2\/types\/page"}],"author":[{"embeddable":true,"href":"https:\/\/comiba.es\/web\/wp-json\/wp\/v2\/users\/1"}],"replies":[{"embeddable":true,"href":"https:\/\/comiba.es\/web\/wp-json\/wp\/v2\/comments?post=808"}],"version-history":[{"count":7,"href":"https:\/\/comiba.es\/web\/wp-json\/wp\/v2\/pages\/808\/revisions"}],"predecessor-version":[{"id":1199,"href":"https:\/\/comiba.es\/web\/wp-json\/wp\/v2\/pages\/808\/revisions\/1199"}],"wp:attachment":[{"href":"https:\/\/comiba.es\/web\/wp-json\/wp\/v2\/media?parent=808"}],"curies":[{"name":"wp","href":"https:\/\/api.w.org\/{rel}","templated":true}]}}