{"id":369,"date":"2017-03-25T14:03:10","date_gmt":"2017-03-25T14:03:10","guid":{"rendered":"http:\/\/comiba.es\/web\/?page_id=369"},"modified":"2023-06-13T08:01:31","modified_gmt":"2023-06-13T08:01:31","slug":"tasker","status":"publish","type":"page","link":"https:\/\/comiba.es\/web\/marcas\/tasker\/","title":{"rendered":"Tasker"},"content":{"rendered":"<div id='full_slider_1'  class='avia-fullwidth-slider main_color avia-shadow   avia-builder-el-0  el_before_av_heading  avia-builder-el-first   container_wrap sidebar_right'  ><div   data-size='no scaling'  data-lightbox_size='large'  data-animation='slide'  data-conditional_play=''  data-ids='342'  data-video_counter='0'  data-autoplay='false'  data-bg_slider='false'  data-slide_height=''  data-handle='av_slideshow_full'  data-interval='5'  data-class=' '  data-el_id=''  data-css_id=''  data-scroll_down=''  data-control_layout='av-control-default'  data-custom_markup=''  data-perma_caption=''  data-autoplay_stopper=''  data-image_attachment=''  data-min_height='0px'  data-lazy_loading='disabled'  data-src=''  data-position='top left'  data-repeat='no-repeat'  data-attach='scroll'  data-stretch=''  class='avia-slideshow avia-slideshow-1  av-control-default av-default-height-applied avia-slideshow-no scaling av_slideshow_full   avia-slide-slider '  itemprop=\"image\" itemscope=\"itemscope\" itemtype=\"https:\/\/schema.org\/ImageObject\" ><ul class='avia-slideshow-inner ' style='padding-bottom: 31.25%;' ><li  class=' av-single-slide slide-1 ' ><div data-rel='slideshow-1' class='avia-slide-wrap '   ><img decoding=\"async\" class=\"wp-image-342 avia-img-lazy-loading-not-342\"  src=\"https:\/\/comiba.es\/web\/wp-content\/uploads\/2016\/11\/9tasker.jpg\" width=\"1920\" height=\"600\" title='9tasker' alt=''  itemprop=\"thumbnailUrl\" srcset=\"https:\/\/comiba.es\/web\/wp-content\/uploads\/2016\/11\/9tasker.jpg 1920w, https:\/\/comiba.es\/web\/wp-content\/uploads\/2016\/11\/9tasker-300x94.jpg 300w, https:\/\/comiba.es\/web\/wp-content\/uploads\/2016\/11\/9tasker-768x240.jpg 768w, https:\/\/comiba.es\/web\/wp-content\/uploads\/2016\/11\/9tasker-1030x322.jpg 1030w, https:\/\/comiba.es\/web\/wp-content\/uploads\/2016\/11\/9tasker-1500x469.jpg 1500w, https:\/\/comiba.es\/web\/wp-content\/uploads\/2016\/11\/9tasker-705x220.jpg 705w, https:\/\/comiba.es\/web\/wp-content\/uploads\/2016\/11\/9tasker-450x141.jpg 450w\" sizes=\"(max-width: 1920px) 100vw, 1920px\" \/><\/div><\/li><\/ul><\/div><\/div><div id='after_full_slider_1'  class='main_color av_default_container_wrap container_wrap sidebar_right'  ><div class='container av-section-cont-open' ><div class='template-page content  av-content-small alpha units'><div class='post-entry post-entry-type-page post-entry-369'><div class='entry-content-wrapper clearfix'>\n\n<style type=\"text\/css\" data-created_by=\"avia_inline_auto\" id=\"style-css-av-av_heading-85fdd9012bde8535d59bceed4eccf818\">\n#top .av-special-heading.av-av_heading-85fdd9012bde8535d59bceed4eccf818{\npadding-bottom:10px;\n}\n<\/style>\n<div  class='av-special-heading av-av_heading-85fdd9012bde8535d59bceed4eccf818 av-special-heading-h3 blockquote modern-quote modern-centered  avia-builder-el-1  el_after_av_slideshow_full  el_before_av_textblock  avia-builder-el-first  '><h3 class='av-special-heading-tag '  itemprop=\"headline\"  >Tasker, marca distribuida por COMIBA<\/h3><div class='special-heading-border'><div class='special-heading-inner-border'><\/div><\/div><\/div>\n<section class=\"av_textblock_section \"  itemscope=\"itemscope\" itemtype=\"https:\/\/schema.org\/CreativeWork\" ><div class='avia_textblock  '   itemprop=\"text\" ><p>A continuaci\u00f3n hemos extraido un peque\u00f1o fragmento de informaci\u00f3n de la historia de la empresas italiana Tasker. En la zona inferior de esta web disponemos de:<\/p>\n<ul>\n<li style=\"list-style-type: none;\">\n<ul>\n<li style=\"list-style-type: none;\">\n<ul>\n<li style=\"list-style-type: none;\">\n<ul>\n<li>Enlace a la web oficial de Tasker.<\/li>\n<\/ul>\n<\/li>\n<\/ul>\n<\/li>\n<\/ul>\n<\/li>\n<\/ul>\n<ul>\n<li style=\"list-style-type: none;\">\n<ul>\n<li style=\"list-style-type: none;\">\n<ul>\n<li style=\"list-style-type: none;\">\n<ul>\n<li>Enlace a la seccion para distribuidores de COMIBA.<\/li>\n<\/ul>\n<\/li>\n<\/ul>\n<\/li>\n<\/ul>\n<\/li>\n<\/ul>\n<ul>\n<li style=\"list-style-type: none;\">\n<ul>\n<li style=\"list-style-type: none;\">\n<ul>\n<li style=\"list-style-type: none;\">\n<ul>\n<li>Noticias y Ofertas relacionadas con Tasker.<\/li>\n<\/ul>\n<\/li>\n<\/ul>\n<\/li>\n<\/ul>\n<\/li>\n<\/ul>\n<\/div><\/section>\n<div  class='hr av-av_hr-dcd2069817a0e3d34ae04cad8f3443c7 hr-default  avia-builder-el-3  el_after_av_textblock  el_before_av_one_full  '><span class='hr-inner '><span class=\"hr-inner-style\"><\/span><\/span><\/div>\n<div class='flex_column av-av_one_full-2a9015ff38129c418a3f2eafba3e9512 av_one_full  avia-builder-el-4  el_after_av_hr  el_before_av_hr  first flex_column_div '   ><p>\n<style type=\"text\/css\" data-created_by=\"avia_inline_auto\" id=\"style-css-av-av_image-f3b03777404384b895d876e0feba6fb2\">\n.avia-image-container.av-av_image-f3b03777404384b895d876e0feba6fb2 .av-image-caption-overlay-center{\ncolor:#ffffff;\n}\n<\/style>\n<div  class='avia-image-container av-av_image-f3b03777404384b895d876e0feba6fb2 av-styling- avia-align-center  avia-builder-el-5  el_before_av_heading  avia-builder-el-first  '  itemprop=\"image\" itemscope=\"itemscope\" itemtype=\"https:\/\/schema.org\/ImageObject\" ><div class=\"avia-image-container-inner\"><div class=\"avia-image-overlay-wrap\"><img decoding=\"async\" class='wp-image-370 avia-img-lazy-loading-not-370 avia_image' src=\"https:\/\/comiba.es\/web\/wp-content\/uploads\/2017\/03\/tasker-1.png\" alt='' title='tasker'  height=\"214\" width=\"592\"  itemprop=\"thumbnailUrl\" srcset=\"https:\/\/comiba.es\/web\/wp-content\/uploads\/2017\/03\/tasker-1.png 592w, https:\/\/comiba.es\/web\/wp-content\/uploads\/2017\/03\/tasker-1-300x108.png 300w, https:\/\/comiba.es\/web\/wp-content\/uploads\/2017\/03\/tasker-1-450x163.png 450w\" sizes=\"(max-width: 592px) 100vw, 592px\" \/><\/div><\/div><\/div><br \/>\n\n<style type=\"text\/css\" data-created_by=\"avia_inline_auto\" id=\"style-css-av-av_heading-9adc449d547e7aeefae106ba10e04811\">\n#top .av-special-heading.av-av_heading-9adc449d547e7aeefae106ba10e04811{\npadding-bottom:10px;\n}\n<\/style>\n<div  class='av-special-heading av-av_heading-9adc449d547e7aeefae106ba10e04811 av-special-heading-h3 blockquote modern-quote modern-centered  avia-builder-el-6  el_after_av_image  el_before_av_textblock  '><h3 class='av-special-heading-tag '  itemprop=\"headline\"  >Tasker: Historia<\/h3><div class='special-heading-border'><div class='special-heading-inner-border'><\/div><\/div><\/div><br \/>\n<section class=\"av_textblock_section \"  itemscope=\"itemscope\" itemtype=\"https:\/\/schema.org\/CreativeWork\" ><div class='avia_textblock  '   itemprop=\"text\" ><h1>L&#8217;azienda<\/h1>\n<div class=\"azienda\">\n<ul>\n<li>\n<h2>L&#8217;esperienza<\/h2>\n<p>Tasker \u00e8 un&#8217;azienda italiana con pi\u00f9 di 30 anni d&#8217;esperienza, specializzata nella produzione e distribuzione di cavi d&#8217;alta qualit\u00e0 per il settore dell&#8217;elettronica in generale e per quello professionale musicale.<\/li>\n<li>\n<h2>Oltre 1000 tipi di cavi<\/h2>\n<p>Tra le aziende leader a livello mondiale, oggi Tasker grazie ai continui investimenti nei macchinari ad alta tecnologia, produce oltre 1000 tipi di cavi per applicazioni differenti ed \u00e8 in grado di soddisfare l&#8217;esigenza dell&#8217;immediata disponibilit\u00e0 dei prodotti attraverso un Centro Distribuzioni Merci distaccato dai poli produttivi.<\/li>\n<li>\n<h2>La Qualit\u00e0: Forza Vincente!<\/h2>\n<p>La \u00abforza vincente\u00bb di Tasker \u00e8, da sempre, l&#8217;alto livello di qualit\u00e0 dei suoi prodotti riconosciuto in tutto il mondo, il servizio fornito ai suoi clienti e l&#8217;assistenza tecnica, che nel corso degli anni hanno consentito una continua crescita dell&#8217;azienda e dei suoi collaboratori sia dal punto di vista produttivo che commerciale.<\/li>\n<li>\n<h2>Produzioni su Misura<\/h2>\n<p>Esiste anche un reparto speciale dove vengono eseguite produzioni particolari su richiesta dei clienti con quantitativi a partire da 2000 mt e con tempi di lavorazione non superiori ai 30\/40 gg. lavorativi.<\/li>\n<\/ul>\n<ul>\n<li>\n<h2>Produzione Certificata<\/h2>\n<p>Un ulteriore passo verso il raggiungimento di una \u00abqualit\u00e0 totale\u00bb, si \u00e8 compiuto attraverso la certificazione aziendale ISO 9002 avvenuta nel 1998, che garantisce trasparenza e servizio in tutti i processi aziendale dalla produzione alla vendita.<\/li>\n<li>\n<h2>Assistenza Tecnica<\/h2>\n<p>E&#8217; anche disponibile un centro d&#8217;assistenza tecnica in grado di fornire le risposte adeguate alle esigenze espresse dai clienti con le relative certificazioni.<\/li>\n<li>\n<h2>Visibilit\u00e0<\/h2>\n<p>I suoi prodotti sono presenti nelle maggiori riviste del settore e nei punti vendita pi\u00f9 qualificati del mondo e sono supportati da numerose campagne pubblicitarie e televisive.<\/li>\n<li>\n<h2>Ricerca e Sviluppo<\/h2>\n<p>La produzione Tasker, in continua espansione, \u00e9 pronta a soddisfare le esigenze di mercato pi\u00f9 estreme grazie alla continua ricerca e progettazione di sistemi produttivi innovativi e attraverso l&#8217;impiego di materiali nobili ottenendo cos\u00ec risultati di alta qualit\u00e0, efficienza ed affidabilit\u00e0.<\/li>\n<\/ul>\n<\/div>\n<\/div><\/section><\/p><\/div>\n<div  class='hr av-av_hr-dcd2069817a0e3d34ae04cad8f3443c7 hr-default  avia-builder-el-8  el_after_av_one_full  el_before_av_one_half  '><span class='hr-inner '><span class=\"hr-inner-style\"><\/span><\/span><\/div>\n<div class='flex_column av-av_one_half-2a9015ff38129c418a3f2eafba3e9512 av_one_half  avia-builder-el-9  el_after_av_hr  el_before_av_one_half  first flex_column_div '   ><p>\n<style type=\"text\/css\" data-created_by=\"avia_inline_auto\" id=\"style-css-av-av_heading-a8be4609e231c79a5e42bf90e9780687\">\n#top .av-special-heading.av-av_heading-a8be4609e231c79a5e42bf90e9780687{\npadding-bottom:10px;\n}\n<\/style>\n<div  class='av-special-heading av-av_heading-a8be4609e231c79a5e42bf90e9780687 av-special-heading-h3 blockquote modern-quote modern-centered  avia-builder-el-10  el_before_av_button  avia-builder-el-first  '><h3 class='av-special-heading-tag '  itemprop=\"headline\"  >Informaci\u00f3n adicional de Tasker en su p\u00e1gina web:<\/h3><div class='special-heading-border'><div class='special-heading-inner-border'><\/div><\/div><\/div><br \/>\n<div  class='avia-button-wrap avia-button-center  avia-builder-el-11  el_after_av_heading  avia-builder-el-last ' ><a href='http:\/\/www.tasker.it'  class='avia-button av-av_button-9c6ac54c98f0510ddafb56eca4806943 avia-icon_select-yes-left-icon avia-size-x-large avia-position-center av-icon-on-hover avia-color-theme-color ' ><span class='avia_button_icon avia_button_icon_left' aria-hidden='true' data-av_icon='\ue822' data-av_iconfont='entypo-fontello'><\/span><span class='avia_iconbox_title' >web oficial de Tasker Espa\u00f1a<\/span><\/a><\/div><\/p><\/div>\n<div class='flex_column av-av_one_half-61f1f3fb8a14755dafdb04b8bcedc67a av_one_half  avia-builder-el-12  el_after_av_one_half  el_before_av_hr  flex_column_div '   ><p>\n<style type=\"text\/css\" data-created_by=\"avia_inline_auto\" id=\"style-css-av-av_heading-3315765a9237ee3eb5476c6c3cc97950\">\n#top .av-special-heading.av-av_heading-3315765a9237ee3eb5476c6c3cc97950{\npadding-bottom:10px;\n}\n<\/style>\n<div  class='av-special-heading av-av_heading-3315765a9237ee3eb5476c6c3cc97950 av-special-heading-h3 blockquote modern-quote modern-centered  avia-builder-el-13  el_before_av_button  avia-builder-el-first  '><h3 class='av-special-heading-tag '  itemprop=\"headline\"  >Acceso al area privada para distribuidores COMIBA:<\/h3><div class='special-heading-border'><div class='special-heading-inner-border'><\/div><\/div><\/div><br \/>\n<div  class='avia-button-wrap avia-button-center  avia-builder-el-14  el_after_av_heading  avia-builder-el-last ' ><a href='http:\/\/comiba.es\/web\/2016\/11\/16\/private\/'  class='avia-button av-av_button-3581757e696da1ac0f9d753e261f4abf avia-icon_select-yes-left-icon avia-size-x-large avia-position-center av-icon-on-hover avia-color-theme-color ' ><span class='avia_button_icon avia_button_icon_left' aria-hidden='true' data-av_icon='\ue80a' data-av_iconfont='entypo-fontello'><\/span><span class='avia_iconbox_title' >Acceso solo para distribuidores<\/span><\/a><\/div><\/p><\/div>\n<div  class='hr av-av_hr-dcd2069817a0e3d34ae04cad8f3443c7 hr-default  avia-builder-el-15  el_after_av_one_half  el_before_av_heading  '><span class='hr-inner '><span class=\"hr-inner-style\"><\/span><\/span><\/div>\n\n<style type=\"text\/css\" data-created_by=\"avia_inline_auto\" id=\"style-css-av-av_heading-4367ab81aa32a3d60aa1c533bbc53e90\">\n#top .av-special-heading.av-av_heading-4367ab81aa32a3d60aa1c533bbc53e90{\npadding-bottom:10px;\n}\n<\/style>\n<div  class='av-special-heading av-av_heading-4367ab81aa32a3d60aa1c533bbc53e90 av-special-heading-h3 blockquote modern-quote modern-centered  avia-builder-el-16  el_after_av_hr  el_before_av_one_half  '><h3 class='av-special-heading-tag '  itemprop=\"headline\"  >Publicaciones, ofertas o productos de Tasker en COMIBA.es<\/h3><div class='special-heading-border'><div class='special-heading-inner-border'><\/div><\/div><\/div>\n<div class='flex_column av-av_one_half-2a9015ff38129c418a3f2eafba3e9512 av_one_half  avia-builder-el-17  el_after_av_heading  el_before_av_one_half  first flex_column_div '   ><div  class='av-alb-blogposts template-blog  '  itemscope=\"itemscope\" itemtype=\"https:\/\/schema.org\/Blog\" >\n    <article class=\"entry\">\n        <header class=\"entry-content-header\">\n            <h1 class='post-title entry-title '>\u2716 No hay resultados<\/h1>        <\/header>\n\n        <p class=\"entry-content\"  itemprop=\"text\" >Lo sentimos, no hay entradas que coincidan con tu b\u00fasqueda.<\/p>\n\n        <footer class=\"entry-footer\"><\/footer>\n    <\/article>\n\n<div class='single-big'><\/div><\/div><\/div><div class='flex_column av-av_one_half-61f1f3fb8a14755dafdb04b8bcedc67a av_one_half  avia-builder-el-19  el_after_av_one_half  avia-builder-el-last  flex_column_div '   ><div  class='av-alb-blogposts template-blog  '  itemscope=\"itemscope\" itemtype=\"https:\/\/schema.org\/Blog\" >\n    <article class=\"entry\">\n        <header class=\"entry-content-header\">\n            <h1 class='post-title entry-title '>\u2716 No hay resultados<\/h1>        <\/header>\n\n        <p class=\"entry-content\"  itemprop=\"text\" >Lo sentimos, no hay entradas que coincidan con tu b\u00fasqueda.<\/p>\n\n        <footer class=\"entry-footer\"><\/footer>\n    <\/article>\n\n<div class='single-big'><\/div><\/div><\/div><\/p>\n","protected":false},"excerpt":{"rendered":"","protected":false},"author":1,"featured_media":244,"parent":251,"menu_order":0,"comment_status":"closed","ping_status":"closed","template":"","meta":{"footnotes":""},"yoast_head":"<!-- This site is optimized with the Yoast SEO plugin v23.5 - https:\/\/yoast.com\/wordpress\/plugins\/seo\/ -->\n<title>Tasker - Comiba.es<\/title>\n<meta name=\"description\" content=\"Tasker \u00e8 un&#039;azienda italiana con pi\u00f9 di 30 anni d&#039;esperienza, specializzata nella produzione e distribuzione di cavi d&#039;alta qualit\u00e0 per il settore dell&#039;elettronica in generale e per quello professionale musicale.\" \/>\n<meta name=\"robots\" content=\"index, follow, max-snippet:-1, max-image-preview:large, max-video-preview:-1\" \/>\n<link rel=\"canonical\" href=\"https:\/\/comiba.es\/web\/marcas\/tasker\/\" \/>\n<meta property=\"og:locale\" content=\"es_ES\" \/>\n<meta property=\"og:type\" content=\"article\" \/>\n<meta property=\"og:title\" content=\"Tasker - Comiba.es\" \/>\n<meta property=\"og:description\" content=\"Tasker \u00e8 un&#039;azienda italiana con pi\u00f9 di 30 anni d&#039;esperienza, specializzata nella produzione e distribuzione di cavi d&#039;alta qualit\u00e0 per il settore dell&#039;elettronica in generale e per quello professionale musicale.\" \/>\n<meta property=\"og:url\" content=\"https:\/\/comiba.es\/web\/marcas\/tasker\/\" \/>\n<meta property=\"og:site_name\" content=\"Comiba.es\" \/>\n<meta property=\"article:publisher\" content=\"https:\/\/www.facebook.com\/Distribuciones-Comiba-426337887489214\" \/>\n<meta property=\"article:modified_time\" content=\"2023-06-13T08:01:31+00:00\" \/>\n<meta property=\"og:image\" content=\"https:\/\/comiba.es\/web\/wp-content\/uploads\/2017\/03\/2Rotel2.jpg\" \/>\n\t<meta property=\"og:image:width\" content=\"1920\" \/>\n\t<meta property=\"og:image:height\" content=\"600\" \/>\n\t<meta property=\"og:image:type\" content=\"image\/jpeg\" \/>\n<meta name=\"twitter:card\" content=\"summary_large_image\" \/>\n<meta name=\"twitter:label1\" content=\"Tiempo de lectura\" \/>\n\t<meta name=\"twitter:data1\" content=\"5 minutos\" \/>\n<script type=\"application\/ld+json\" class=\"yoast-schema-graph\">{\"@context\":\"https:\/\/schema.org\",\"@graph\":[{\"@type\":\"WebPage\",\"@id\":\"https:\/\/comiba.es\/web\/marcas\/tasker\/\",\"url\":\"https:\/\/comiba.es\/web\/marcas\/tasker\/\",\"name\":\"Tasker - Comiba.es\",\"isPartOf\":{\"@id\":\"https:\/\/comiba.es\/web\/#website\"},\"primaryImageOfPage\":{\"@id\":\"https:\/\/comiba.es\/web\/marcas\/tasker\/#primaryimage\"},\"image\":{\"@id\":\"https:\/\/comiba.es\/web\/marcas\/tasker\/#primaryimage\"},\"thumbnailUrl\":\"https:\/\/comiba.es\/web\/wp-content\/uploads\/2017\/03\/2Rotel2.jpg\",\"datePublished\":\"2017-03-25T14:03:10+00:00\",\"dateModified\":\"2023-06-13T08:01:31+00:00\",\"description\":\"Tasker \u00e8 un'azienda italiana con pi\u00f9 di 30 anni d'esperienza, specializzata nella produzione e distribuzione di cavi d'alta qualit\u00e0 per il settore dell'elettronica in generale e per quello professionale musicale.\",\"breadcrumb\":{\"@id\":\"https:\/\/comiba.es\/web\/marcas\/tasker\/#breadcrumb\"},\"inLanguage\":\"es\",\"potentialAction\":[{\"@type\":\"ReadAction\",\"target\":[\"https:\/\/comiba.es\/web\/marcas\/tasker\/\"]}]},{\"@type\":\"ImageObject\",\"inLanguage\":\"es\",\"@id\":\"https:\/\/comiba.es\/web\/marcas\/tasker\/#primaryimage\",\"url\":\"https:\/\/comiba.es\/web\/wp-content\/uploads\/2017\/03\/2Rotel2.jpg\",\"contentUrl\":\"https:\/\/comiba.es\/web\/wp-content\/uploads\/2017\/03\/2Rotel2.jpg\",\"width\":1920,\"height\":600},{\"@type\":\"BreadcrumbList\",\"@id\":\"https:\/\/comiba.es\/web\/marcas\/tasker\/#breadcrumb\",\"itemListElement\":[{\"@type\":\"ListItem\",\"position\":1,\"name\":\"Portada\",\"item\":\"https:\/\/comiba.es\/web\/inicio\/\"},{\"@type\":\"ListItem\",\"position\":2,\"name\":\"Marcas\",\"item\":\"https:\/\/comiba.es\/web\/marcas\/\"},{\"@type\":\"ListItem\",\"position\":3,\"name\":\"Tasker\"}]},{\"@type\":\"WebSite\",\"@id\":\"https:\/\/comiba.es\/web\/#website\",\"url\":\"https:\/\/comiba.es\/web\/\",\"name\":\"Comiba.es\",\"description\":\"Distribuidor autorizado de productos audiovisuales &amp; car audio.\",\"publisher\":{\"@id\":\"https:\/\/comiba.es\/web\/#organization\"},\"potentialAction\":[{\"@type\":\"SearchAction\",\"target\":{\"@type\":\"EntryPoint\",\"urlTemplate\":\"https:\/\/comiba.es\/web\/?s={search_term_string}\"},\"query-input\":{\"@type\":\"PropertyValueSpecification\",\"valueRequired\":true,\"valueName\":\"search_term_string\"}}],\"inLanguage\":\"es\"},{\"@type\":\"Organization\",\"@id\":\"https:\/\/comiba.es\/web\/#organization\",\"name\":\"Comiba.es\",\"url\":\"https:\/\/comiba.es\/web\/\",\"logo\":{\"@type\":\"ImageObject\",\"inLanguage\":\"es\",\"@id\":\"https:\/\/comiba.es\/web\/#\/schema\/logo\/image\/\",\"url\":\"https:\/\/comiba.es\/web\/wp-content\/uploads\/2023\/03\/logo-portada.png\",\"contentUrl\":\"https:\/\/comiba.es\/web\/wp-content\/uploads\/2023\/03\/logo-portada.png\",\"width\":191,\"height\":127,\"caption\":\"Comiba.es\"},\"image\":{\"@id\":\"https:\/\/comiba.es\/web\/#\/schema\/logo\/image\/\"},\"sameAs\":[\"https:\/\/www.facebook.com\/Distribuciones-Comiba-426337887489214\",\"https:\/\/www.instagram.com\/distribuciones_comiba\/?hl=es\"]}]}<\/script>\n<!-- \/ Yoast SEO plugin. -->","yoast_head_json":{"title":"Tasker - Comiba.es","description":"Tasker \u00e8 un'azienda italiana con pi\u00f9 di 30 anni d'esperienza, specializzata nella produzione e distribuzione di cavi d'alta qualit\u00e0 per il settore dell'elettronica in generale e per quello professionale musicale.","robots":{"index":"index","follow":"follow","max-snippet":"max-snippet:-1","max-image-preview":"max-image-preview:large","max-video-preview":"max-video-preview:-1"},"canonical":"https:\/\/comiba.es\/web\/marcas\/tasker\/","og_locale":"es_ES","og_type":"article","og_title":"Tasker - Comiba.es","og_description":"Tasker \u00e8 un'azienda italiana con pi\u00f9 di 30 anni d'esperienza, specializzata nella produzione e distribuzione di cavi d'alta qualit\u00e0 per il settore dell'elettronica in generale e per quello professionale musicale.","og_url":"https:\/\/comiba.es\/web\/marcas\/tasker\/","og_site_name":"Comiba.es","article_publisher":"https:\/\/www.facebook.com\/Distribuciones-Comiba-426337887489214","article_modified_time":"2023-06-13T08:01:31+00:00","og_image":[{"width":1920,"height":600,"url":"https:\/\/comiba.es\/web\/wp-content\/uploads\/2017\/03\/2Rotel2.jpg","type":"image\/jpeg"}],"twitter_card":"summary_large_image","twitter_misc":{"Tiempo de lectura":"5 minutos"},"schema":{"@context":"https:\/\/schema.org","@graph":[{"@type":"WebPage","@id":"https:\/\/comiba.es\/web\/marcas\/tasker\/","url":"https:\/\/comiba.es\/web\/marcas\/tasker\/","name":"Tasker - Comiba.es","isPartOf":{"@id":"https:\/\/comiba.es\/web\/#website"},"primaryImageOfPage":{"@id":"https:\/\/comiba.es\/web\/marcas\/tasker\/#primaryimage"},"image":{"@id":"https:\/\/comiba.es\/web\/marcas\/tasker\/#primaryimage"},"thumbnailUrl":"https:\/\/comiba.es\/web\/wp-content\/uploads\/2017\/03\/2Rotel2.jpg","datePublished":"2017-03-25T14:03:10+00:00","dateModified":"2023-06-13T08:01:31+00:00","description":"Tasker \u00e8 un'azienda italiana con pi\u00f9 di 30 anni d'esperienza, specializzata nella produzione e distribuzione di cavi d'alta qualit\u00e0 per il settore dell'elettronica in generale e per quello professionale musicale.","breadcrumb":{"@id":"https:\/\/comiba.es\/web\/marcas\/tasker\/#breadcrumb"},"inLanguage":"es","potentialAction":[{"@type":"ReadAction","target":["https:\/\/comiba.es\/web\/marcas\/tasker\/"]}]},{"@type":"ImageObject","inLanguage":"es","@id":"https:\/\/comiba.es\/web\/marcas\/tasker\/#primaryimage","url":"https:\/\/comiba.es\/web\/wp-content\/uploads\/2017\/03\/2Rotel2.jpg","contentUrl":"https:\/\/comiba.es\/web\/wp-content\/uploads\/2017\/03\/2Rotel2.jpg","width":1920,"height":600},{"@type":"BreadcrumbList","@id":"https:\/\/comiba.es\/web\/marcas\/tasker\/#breadcrumb","itemListElement":[{"@type":"ListItem","position":1,"name":"Portada","item":"https:\/\/comiba.es\/web\/inicio\/"},{"@type":"ListItem","position":2,"name":"Marcas","item":"https:\/\/comiba.es\/web\/marcas\/"},{"@type":"ListItem","position":3,"name":"Tasker"}]},{"@type":"WebSite","@id":"https:\/\/comiba.es\/web\/#website","url":"https:\/\/comiba.es\/web\/","name":"Comiba.es","description":"Distribuidor autorizado de productos audiovisuales &amp; car audio.","publisher":{"@id":"https:\/\/comiba.es\/web\/#organization"},"potentialAction":[{"@type":"SearchAction","target":{"@type":"EntryPoint","urlTemplate":"https:\/\/comiba.es\/web\/?s={search_term_string}"},"query-input":{"@type":"PropertyValueSpecification","valueRequired":true,"valueName":"search_term_string"}}],"inLanguage":"es"},{"@type":"Organization","@id":"https:\/\/comiba.es\/web\/#organization","name":"Comiba.es","url":"https:\/\/comiba.es\/web\/","logo":{"@type":"ImageObject","inLanguage":"es","@id":"https:\/\/comiba.es\/web\/#\/schema\/logo\/image\/","url":"https:\/\/comiba.es\/web\/wp-content\/uploads\/2023\/03\/logo-portada.png","contentUrl":"https:\/\/comiba.es\/web\/wp-content\/uploads\/2023\/03\/logo-portada.png","width":191,"height":127,"caption":"Comiba.es"},"image":{"@id":"https:\/\/comiba.es\/web\/#\/schema\/logo\/image\/"},"sameAs":["https:\/\/www.facebook.com\/Distribuciones-Comiba-426337887489214","https:\/\/www.instagram.com\/distribuciones_comiba\/?hl=es"]}]}},"_links":{"self":[{"href":"https:\/\/comiba.es\/web\/wp-json\/wp\/v2\/pages\/369"}],"collection":[{"href":"https:\/\/comiba.es\/web\/wp-json\/wp\/v2\/pages"}],"about":[{"href":"https:\/\/comiba.es\/web\/wp-json\/wp\/v2\/types\/page"}],"author":[{"embeddable":true,"href":"https:\/\/comiba.es\/web\/wp-json\/wp\/v2\/users\/1"}],"replies":[{"embeddable":true,"href":"https:\/\/comiba.es\/web\/wp-json\/wp\/v2\/comments?post=369"}],"version-history":[{"count":4,"href":"https:\/\/comiba.es\/web\/wp-json\/wp\/v2\/pages\/369\/revisions"}],"predecessor-version":[{"id":1260,"href":"https:\/\/comiba.es\/web\/wp-json\/wp\/v2\/pages\/369\/revisions\/1260"}],"up":[{"embeddable":true,"href":"https:\/\/comiba.es\/web\/wp-json\/wp\/v2\/pages\/251"}],"wp:featuredmedia":[{"embeddable":true,"href":"https:\/\/comiba.es\/web\/wp-json\/wp\/v2\/media\/244"}],"wp:attachment":[{"href":"https:\/\/comiba.es\/web\/wp-json\/wp\/v2\/media?parent=369"}],"curies":[{"name":"wp","href":"https:\/\/api.w.org\/{rel}","templated":true}]}}