{"id":32,"date":"2016-11-16T23:43:27","date_gmt":"2016-11-16T23:43:27","guid":{"rendered":"http:\/\/comiba.es\/web\/?page_id=32"},"modified":"2023-12-11T08:43:40","modified_gmt":"2023-12-11T08:43:40","slug":"contacto","status":"publish","type":"page","link":"https:\/\/comiba.es\/web\/contacto\/","title":{"rendered":"Contacto"},"content":{"rendered":"<div id='full_slider_1'  class='avia-fullwidth-slider main_color avia-shadow   avia-builder-el-0  el_before_av_one_full  avia-builder-el-first   container_wrap sidebar_right'  ><div   data-size='no scaling'  data-lightbox_size='large'  data-animation='slide'  data-conditional_play=''  data-ids='1118'  data-video_counter='0'  data-autoplay='false'  data-bg_slider='false'  data-slide_height=''  data-handle='av_slideshow_full'  data-interval='5'  data-class=' '  data-el_id=''  data-css_id=''  data-scroll_down=''  data-control_layout='av-control-default'  data-custom_markup=''  data-perma_caption=''  data-autoplay_stopper=''  data-image_attachment=''  data-min_height='0px'  data-lazy_loading='disabled'  data-src=''  data-position='top left'  data-repeat='no-repeat'  data-attach='scroll'  data-stretch=''  class='avia-slideshow avia-slideshow-1  av-control-default av-default-height-applied avia-slideshow-no scaling av_slideshow_full   avia-slide-slider '  itemprop=\"image\" itemscope=\"itemscope\" itemtype=\"https:\/\/schema.org\/ImageObject\" ><ul class='avia-slideshow-inner ' style='padding-bottom: 35.811518324607%;' ><li  class=' av-single-slide slide-1 ' ><div data-rel='slideshow-1' class='avia-slide-wrap '   ><img decoding=\"async\" class=\"wp-image-1118 avia-img-lazy-loading-not-1118\"  src=\"https:\/\/comiba.es\/web\/wp-content\/uploads\/2023\/03\/contactar-1.png\" width=\"1910\" height=\"684\" title='contactar' alt=''  itemprop=\"thumbnailUrl\" srcset=\"https:\/\/comiba.es\/web\/wp-content\/uploads\/2023\/03\/contactar-1.png 1910w, https:\/\/comiba.es\/web\/wp-content\/uploads\/2023\/03\/contactar-1-300x107.png 300w, https:\/\/comiba.es\/web\/wp-content\/uploads\/2023\/03\/contactar-1-1030x369.png 1030w, https:\/\/comiba.es\/web\/wp-content\/uploads\/2023\/03\/contactar-1-768x275.png 768w, https:\/\/comiba.es\/web\/wp-content\/uploads\/2023\/03\/contactar-1-1536x550.png 1536w, https:\/\/comiba.es\/web\/wp-content\/uploads\/2023\/03\/contactar-1-1500x537.png 1500w, https:\/\/comiba.es\/web\/wp-content\/uploads\/2023\/03\/contactar-1-705x252.png 705w\" sizes=\"(max-width: 1910px) 100vw, 1910px\" \/><\/div><\/li><\/ul><\/div><\/div><div id='after_full_slider_1'  class='main_color av_default_container_wrap container_wrap sidebar_right'  ><div class='container av-section-cont-open' ><div class='template-page content  av-content-small alpha units'><div class='post-entry post-entry-type-page post-entry-32'><div class='entry-content-wrapper clearfix'>\n\n<style type=\"text\/css\" data-created_by=\"avia_inline_auto\" id=\"style-css-av-58yhs-d9b7f19c8aa623d3c1a410eed34ab661\">\n.flex_column.av-58yhs-d9b7f19c8aa623d3c1a410eed34ab661{\nborder-radius:0px 0px 0px 0px;\n-webkit-border-radius:0px 0px 0px 0px;\n-moz-border-radius:0px 0px 0px 0px;\n}\n<\/style>\n<div class='flex_column av-58yhs-d9b7f19c8aa623d3c1a410eed34ab661 av_one_full  avia-builder-el-1  el_after_av_slideshow_full  avia-builder-el-no-sibling  first flex_column_div av-zero-column-padding '   ><p>\n<style type=\"text\/css\" data-created_by=\"avia_inline_auto\" id=\"style-css-av-4bo1c-1ae23905e57edf5f0ad4f8c97ee13a54\">\n#top .av-special-heading.av-4bo1c-1ae23905e57edf5f0ad4f8c97ee13a54{\npadding-bottom:10px;\n}\n<\/style>\n<div  class='av-special-heading av-4bo1c-1ae23905e57edf5f0ad4f8c97ee13a54 av-special-heading-h3  avia-builder-el-2  el_before_av_textblock  avia-builder-el-first  '><h3 class='av-special-heading-tag '  itemprop=\"headline\"  >Contacta con el equipo de COMIBA.<\/h3><div class='special-heading-border'><div class='special-heading-inner-border'><\/div><\/div><\/div><br \/>\n<section class=\"av_textblock_section \"  itemscope=\"itemscope\" itemtype=\"https:\/\/schema.org\/CreativeWork\" ><div class='avia_textblock  '   itemprop=\"text\" ><p>Bienvenido a nuestro formulario de contacto online. Desde esta p\u00e1gina podr\u00e1s contactar con COMIBA directamente sin necesidad de utilizar un gestor de email. Env\u00edanos tus dudas, sugerencias, problemas o cualquier petici\u00f3n de forma f\u00e1cil y r\u00e1pida. Tu mensaje no se ver\u00e1 en ninguna secci\u00f3n de la web, ni ser\u00e1 p\u00fablico en cualquier caso, \u00fanicamente lo recibir\u00e1 el equipo de COMIBA.<\/p>\n<\/div><\/section><br \/>\n<form action=\"https:\/\/comiba.es\/web\/contacto\/\" method=\"post\"  class=\"avia_ajax_form av-form-labels-visible   avia-builder-el-4  el_after_av_textblock  el_before_av_textblock   \" data-avia-form-id=\"1\" data-avia-redirect='' ><h3 class=''>Cont\u00e1ctanos<\/h3><fieldset><p class='  first_form  form_element form_fullwidth' id='element_avia_1_1'><label for=\"avia_1_1\">Nombre <abbr class=\"required\" title=\"requerido\">*<\/abbr><\/label> <input name=\"avia_1_1\" class=\"text_input is_empty\" type=\"text\" id=\"avia_1_1\" value=\"\" \/><\/p><p class='  first_form  form_element form_fullwidth' id='element_avia_2_1'><label for=\"avia_2_1\">Correo electr\u00f3nico <abbr class=\"required\" title=\"requerido\">*<\/abbr><\/label> <input name=\"avia_2_1\" class=\"text_input is_email\" type=\"text\" id=\"avia_2_1\" value=\"\" \/><\/p><p class='  first_form  form_element form_fullwidth' id='element_avia_3_1'><label for=\"avia_3_1\">Asunto <abbr class=\"required\" title=\"requerido\">*<\/abbr><\/label> <input name=\"avia_3_1\" class=\"text_input is_empty\" type=\"text\" id=\"avia_3_1\" value=\"\" \/><\/p><p class='  first_form  form_element form_fullwidth' id='element_avia_4_1'><label for=\"avia_4_1\" class=\"textare_label hidden textare_label_avia_4_1\">Mensaje <abbr class=\"required\" title=\"requerido\">*<\/abbr><\/label><textarea  name=\"avia_4_1\" class=\"text_area is_empty\" cols=\"40\" rows=\"7\" id=\"avia_4_1\" ><\/textarea><\/p><p class=\"hidden\"><input type=\"text\" name=\"avia_5_1\" class=\"hidden \" id=\"avia_5_1\" value=\"\" \/><\/p><p class='   form_element form_fullwidth' id='element_avia_6_1'><span class='value_verifier_label'>1 + 0 = ?<\/span><input name=\"avia_6_1_verifier\" type=\"hidden\" id=\"avia_6_1_verifier\" value=\"852513414\"\/><label for=\"avia_6_1\">Para mayor seguridad, responde la siguiente pregunta <abbr class=\"required\" title=\"requerido\">*<\/abbr><\/label><input name=\"avia_6_1\" class=\"text_input captcha\" type=\"text\" id=\"avia_6_1\" value=\"\"\/><\/p><p class=\"form_element \"><input type=\"hidden\" value=\"1\" name=\"avia_generated_form1\" \/><input type=\"submit\" value=\"Enviar\" class=\"button\"  data-sending-label=\"Enviando\"\/><\/p><\/fieldset><\/form><div id=\"ajaxresponse_1\" class=\"ajaxresponse ajaxresponse_1 hidden\"><\/div><br \/>\n<section class=\"av_textblock_section \"  itemscope=\"itemscope\" itemtype=\"https:\/\/schema.org\/CreativeWork\" ><div class='avia_textblock  '   itemprop=\"text\" ><p><strong>PROTECCI\u00d3N DE DATOS:<\/strong><br \/>\nDe conformidad con lo dispuesto en el Reglamento (UE) 2016\/679, de 27 de abril de 2016 (GDPR) y la Ley Org\u00e1nica 3\/2018, de 5 de diciembre<br \/>\nde Protecci\u00f3n de Datos Personales y garant\u00eda de los derechos digitales (LOPDGDD), le facilitamos la siguiente informaci\u00f3n del tratamiento:<\/p>\n<p><strong>Responsable:<\/strong> DISTRIBUCIONES COMIBA C.B, E57467730, C\/ Ciutat, 22 &#8211; 07570 Art\u00e1 (Illes Balears), paulino@comiba.es<\/p>\n<p><strong>Fines del tratamiento:<\/strong> mantener una relaci\u00f3n comercial y env\u00edo de comunicaciones de productos o servicios<\/p>\n<p><strong>Legitimaci\u00f3n:<\/strong> obligaci\u00f3n legal del Responsable y consentimiento del interesado cuando proceda.<\/p>\n<p><strong>Tipolog\u00eda y conservaci\u00f3n:<\/strong> se tratan los datos m\u00ednimos necesarios para el fin y se conservan cumpliendo los plazos legales de prescripci\u00f3n.<\/p>\n<p><strong>Destinatarios de cesiones:<\/strong> las necesarias para el fin del tratamiento y para el cumplimiento de obligaciones legales.<\/p>\n<p><strong>Derechos que le asisten:<\/strong> acceso, rectificaci\u00f3n, portabilidad, supresi\u00f3n, limitaci\u00f3n y oposici\u00f3n<\/p>\n<p><strong>M\u00e1s informaci\u00f3n del tratamiento: paulino@comiba.es<\/strong><\/p>\n<\/div><\/section><br \/>\n<div  class='avia-button-wrap avia-button-center  avia-builder-el-6  el_after_av_textblock  avia-builder-el-last ' >\n<style type=\"text\/css\" data-created_by=\"avia_inline_auto\" id=\"style-css-av-l3obbp8n-78e79e43152ae7dc10901b0b510f1b09\">\n#top #wrap_all .avia-button.av-l3obbp8n-78e79e43152ae7dc10901b0b510f1b09{\nbox-shadow:none;\n-webkit-box-shadow:none;\n-moz-box-shadow:none;\ntransition:all 0.4s ease-in-out;\n-webkit-transition:all 0.4s ease-in-out;\n-moz-transition:all 0.4s ease-in-out;\n-ms-transition:all 0.4s ease-in-out;\n-o-transition:all 0.4s ease-in-out;\n}\n#top #wrap_all .avia-button.av-l3obbp8n-78e79e43152ae7dc10901b0b510f1b09:hover{\nopacity:0.7;\ntransition:all 0.4s ease-in-out;\n-webkit-transition:all 0.4s ease-in-out;\n-moz-transition:all 0.4s ease-in-out;\n-ms-transition:all 0.4s ease-in-out;\n-o-transition:all 0.4s ease-in-out;\n}\n<\/style>\n<a href='https:\/\/wa.me\/+34676847157' class='avia-button av-l3obbp8n-78e79e43152ae7dc10901b0b510f1b09 avia-icon_select-yes-left-icon avia-size-x-large avia-position-center avia-color-theme-color ' target=\"_blank\" rel=\"noopener noreferrer\"><span class='avia_button_icon avia_button_icon_left' aria-hidden='true' data-av_icon='\uf232' data-av_iconfont='entypo-fontello'><\/span><span class='avia_iconbox_title' >WhatsApp<\/span><\/a><\/div><\/p><\/div>\n","protected":false},"excerpt":{"rendered":"","protected":false},"author":1,"featured_media":0,"parent":0,"menu_order":0,"comment_status":"closed","ping_status":"closed","template":"","meta":{"footnotes":""},"yoast_head":"<!-- This site is optimized with the Yoast SEO plugin v23.5 - https:\/\/yoast.com\/wordpress\/plugins\/seo\/ -->\n<title>Contacto - Comiba.es<\/title>\n<meta name=\"robots\" content=\"index, follow, max-snippet:-1, max-image-preview:large, max-video-preview:-1\" \/>\n<link rel=\"canonical\" href=\"https:\/\/comiba.es\/web\/contacto\/\" \/>\n<meta property=\"og:locale\" content=\"es_ES\" \/>\n<meta property=\"og:type\" content=\"article\" \/>\n<meta property=\"og:title\" content=\"Contacto - Comiba.es\" \/>\n<meta property=\"og:url\" content=\"https:\/\/comiba.es\/web\/contacto\/\" \/>\n<meta property=\"og:site_name\" content=\"Comiba.es\" \/>\n<meta property=\"article:publisher\" content=\"https:\/\/www.facebook.com\/Distribuciones-Comiba-426337887489214\" \/>\n<meta property=\"article:modified_time\" content=\"2023-12-11T08:43:40+00:00\" \/>\n<meta name=\"twitter:card\" content=\"summary_large_image\" \/>\n<meta name=\"twitter:label1\" content=\"Tiempo de lectura\" \/>\n\t<meta name=\"twitter:data1\" content=\"5 minutos\" \/>\n<script type=\"application\/ld+json\" class=\"yoast-schema-graph\">{\"@context\":\"https:\/\/schema.org\",\"@graph\":[{\"@type\":\"WebPage\",\"@id\":\"https:\/\/comiba.es\/web\/contacto\/\",\"url\":\"https:\/\/comiba.es\/web\/contacto\/\",\"name\":\"Contacto - Comiba.es\",\"isPartOf\":{\"@id\":\"https:\/\/comiba.es\/web\/#website\"},\"datePublished\":\"2016-11-16T23:43:27+00:00\",\"dateModified\":\"2023-12-11T08:43:40+00:00\",\"breadcrumb\":{\"@id\":\"https:\/\/comiba.es\/web\/contacto\/#breadcrumb\"},\"inLanguage\":\"es\",\"potentialAction\":[{\"@type\":\"ReadAction\",\"target\":[\"https:\/\/comiba.es\/web\/contacto\/\"]}]},{\"@type\":\"BreadcrumbList\",\"@id\":\"https:\/\/comiba.es\/web\/contacto\/#breadcrumb\",\"itemListElement\":[{\"@type\":\"ListItem\",\"position\":1,\"name\":\"Portada\",\"item\":\"https:\/\/comiba.es\/web\/inicio\/\"},{\"@type\":\"ListItem\",\"position\":2,\"name\":\"Contacto\"}]},{\"@type\":\"WebSite\",\"@id\":\"https:\/\/comiba.es\/web\/#website\",\"url\":\"https:\/\/comiba.es\/web\/\",\"name\":\"Comiba.es\",\"description\":\"Distribuidor autorizado de productos audiovisuales &amp; car audio.\",\"publisher\":{\"@id\":\"https:\/\/comiba.es\/web\/#organization\"},\"potentialAction\":[{\"@type\":\"SearchAction\",\"target\":{\"@type\":\"EntryPoint\",\"urlTemplate\":\"https:\/\/comiba.es\/web\/?s={search_term_string}\"},\"query-input\":{\"@type\":\"PropertyValueSpecification\",\"valueRequired\":true,\"valueName\":\"search_term_string\"}}],\"inLanguage\":\"es\"},{\"@type\":\"Organization\",\"@id\":\"https:\/\/comiba.es\/web\/#organization\",\"name\":\"Comiba.es\",\"url\":\"https:\/\/comiba.es\/web\/\",\"logo\":{\"@type\":\"ImageObject\",\"inLanguage\":\"es\",\"@id\":\"https:\/\/comiba.es\/web\/#\/schema\/logo\/image\/\",\"url\":\"https:\/\/comiba.es\/web\/wp-content\/uploads\/2023\/03\/logo-portada.png\",\"contentUrl\":\"https:\/\/comiba.es\/web\/wp-content\/uploads\/2023\/03\/logo-portada.png\",\"width\":191,\"height\":127,\"caption\":\"Comiba.es\"},\"image\":{\"@id\":\"https:\/\/comiba.es\/web\/#\/schema\/logo\/image\/\"},\"sameAs\":[\"https:\/\/www.facebook.com\/Distribuciones-Comiba-426337887489214\",\"https:\/\/www.instagram.com\/distribuciones_comiba\/?hl=es\"]}]}<\/script>\n<!-- \/ Yoast SEO plugin. -->","yoast_head_json":{"title":"Contacto - Comiba.es","robots":{"index":"index","follow":"follow","max-snippet":"max-snippet:-1","max-image-preview":"max-image-preview:large","max-video-preview":"max-video-preview:-1"},"canonical":"https:\/\/comiba.es\/web\/contacto\/","og_locale":"es_ES","og_type":"article","og_title":"Contacto - Comiba.es","og_url":"https:\/\/comiba.es\/web\/contacto\/","og_site_name":"Comiba.es","article_publisher":"https:\/\/www.facebook.com\/Distribuciones-Comiba-426337887489214","article_modified_time":"2023-12-11T08:43:40+00:00","twitter_card":"summary_large_image","twitter_misc":{"Tiempo de lectura":"5 minutos"},"schema":{"@context":"https:\/\/schema.org","@graph":[{"@type":"WebPage","@id":"https:\/\/comiba.es\/web\/contacto\/","url":"https:\/\/comiba.es\/web\/contacto\/","name":"Contacto - Comiba.es","isPartOf":{"@id":"https:\/\/comiba.es\/web\/#website"},"datePublished":"2016-11-16T23:43:27+00:00","dateModified":"2023-12-11T08:43:40+00:00","breadcrumb":{"@id":"https:\/\/comiba.es\/web\/contacto\/#breadcrumb"},"inLanguage":"es","potentialAction":[{"@type":"ReadAction","target":["https:\/\/comiba.es\/web\/contacto\/"]}]},{"@type":"BreadcrumbList","@id":"https:\/\/comiba.es\/web\/contacto\/#breadcrumb","itemListElement":[{"@type":"ListItem","position":1,"name":"Portada","item":"https:\/\/comiba.es\/web\/inicio\/"},{"@type":"ListItem","position":2,"name":"Contacto"}]},{"@type":"WebSite","@id":"https:\/\/comiba.es\/web\/#website","url":"https:\/\/comiba.es\/web\/","name":"Comiba.es","description":"Distribuidor autorizado de productos audiovisuales &amp; car audio.","publisher":{"@id":"https:\/\/comiba.es\/web\/#organization"},"potentialAction":[{"@type":"SearchAction","target":{"@type":"EntryPoint","urlTemplate":"https:\/\/comiba.es\/web\/?s={search_term_string}"},"query-input":{"@type":"PropertyValueSpecification","valueRequired":true,"valueName":"search_term_string"}}],"inLanguage":"es"},{"@type":"Organization","@id":"https:\/\/comiba.es\/web\/#organization","name":"Comiba.es","url":"https:\/\/comiba.es\/web\/","logo":{"@type":"ImageObject","inLanguage":"es","@id":"https:\/\/comiba.es\/web\/#\/schema\/logo\/image\/","url":"https:\/\/comiba.es\/web\/wp-content\/uploads\/2023\/03\/logo-portada.png","contentUrl":"https:\/\/comiba.es\/web\/wp-content\/uploads\/2023\/03\/logo-portada.png","width":191,"height":127,"caption":"Comiba.es"},"image":{"@id":"https:\/\/comiba.es\/web\/#\/schema\/logo\/image\/"},"sameAs":["https:\/\/www.facebook.com\/Distribuciones-Comiba-426337887489214","https:\/\/www.instagram.com\/distribuciones_comiba\/?hl=es"]}]}},"_links":{"self":[{"href":"https:\/\/comiba.es\/web\/wp-json\/wp\/v2\/pages\/32"}],"collection":[{"href":"https:\/\/comiba.es\/web\/wp-json\/wp\/v2\/pages"}],"about":[{"href":"https:\/\/comiba.es\/web\/wp-json\/wp\/v2\/types\/page"}],"author":[{"embeddable":true,"href":"https:\/\/comiba.es\/web\/wp-json\/wp\/v2\/users\/1"}],"replies":[{"embeddable":true,"href":"https:\/\/comiba.es\/web\/wp-json\/wp\/v2\/comments?post=32"}],"version-history":[{"count":20,"href":"https:\/\/comiba.es\/web\/wp-json\/wp\/v2\/pages\/32\/revisions"}],"predecessor-version":[{"id":1211,"href":"https:\/\/comiba.es\/web\/wp-json\/wp\/v2\/pages\/32\/revisions\/1211"}],"wp:attachment":[{"href":"https:\/\/comiba.es\/web\/wp-json\/wp\/v2\/media?parent=32"}],"curies":[{"name":"wp","href":"https:\/\/api.w.org\/{rel}","templated":true}]}}