{"id":318,"date":"2017-03-19T23:53:28","date_gmt":"2017-03-19T23:53:28","guid":{"rendered":"http:\/\/comiba.es\/web\/?page_id=318"},"modified":"2023-06-13T07:56:25","modified_gmt":"2023-06-13T07:56:25","slug":"architetturasonora","status":"publish","type":"page","link":"https:\/\/comiba.es\/web\/marcas\/architetturasonora\/","title":{"rendered":"ARCHITETTURA SONORA"},"content":{"rendered":"<div id='full_slider_1'  class='avia-fullwidth-slider main_color avia-shadow   avia-builder-el-0  el_before_av_heading  avia-builder-el-first   container_wrap sidebar_right'  ><div   data-size='no scaling'  data-lightbox_size='large'  data-animation='slide'  data-conditional_play=''  data-ids='248'  data-video_counter='0'  data-autoplay='false'  data-bg_slider='false'  data-slide_height=''  data-handle='av_slideshow_full'  data-interval='5'  data-class=' '  data-el_id=''  data-css_id=''  data-scroll_down=''  data-control_layout='av-control-default'  data-custom_markup=''  data-perma_caption=''  data-autoplay_stopper=''  data-image_attachment=''  data-min_height='0px'  data-lazy_loading='disabled'  data-src=''  data-position='top left'  data-repeat='no-repeat'  data-attach='scroll'  data-stretch=''  class='avia-slideshow avia-slideshow-1  av-control-default av-default-height-applied avia-slideshow-no scaling av_slideshow_full   avia-slide-slider '  itemprop=\"image\" itemscope=\"itemscope\" itemtype=\"https:\/\/schema.org\/ImageObject\" ><ul class='avia-slideshow-inner ' style='padding-bottom: 31.25%;' ><li  class=' av-single-slide slide-1 ' ><div data-rel='slideshow-1' class='avia-slide-wrap '   ><img decoding=\"async\" class=\"wp-image-248 avia-img-lazy-loading-not-248\"  src=\"https:\/\/comiba.es\/web\/wp-content\/uploads\/2017\/03\/6architettura2.jpg\" width=\"1920\" height=\"600\" title='6architettura2' alt=''  itemprop=\"thumbnailUrl\" srcset=\"https:\/\/comiba.es\/web\/wp-content\/uploads\/2017\/03\/6architettura2.jpg 1920w, https:\/\/comiba.es\/web\/wp-content\/uploads\/2017\/03\/6architettura2-300x94.jpg 300w, https:\/\/comiba.es\/web\/wp-content\/uploads\/2017\/03\/6architettura2-768x240.jpg 768w, https:\/\/comiba.es\/web\/wp-content\/uploads\/2017\/03\/6architettura2-1030x322.jpg 1030w, https:\/\/comiba.es\/web\/wp-content\/uploads\/2017\/03\/6architettura2-1500x469.jpg 1500w, https:\/\/comiba.es\/web\/wp-content\/uploads\/2017\/03\/6architettura2-705x220.jpg 705w, https:\/\/comiba.es\/web\/wp-content\/uploads\/2017\/03\/6architettura2-450x141.jpg 450w\" sizes=\"(max-width: 1920px) 100vw, 1920px\" \/><\/div><\/li><\/ul><\/div><\/div><div id='after_full_slider_1'  class='main_color av_default_container_wrap container_wrap sidebar_right'  ><div class='container av-section-cont-open' ><div class='template-page content  av-content-small alpha units'><div class='post-entry post-entry-type-page post-entry-318'><div class='entry-content-wrapper clearfix'>\n\n<style type=\"text\/css\" data-created_by=\"avia_inline_auto\" id=\"style-css-av-av_heading-51935c73d44f5bc3901debf226bbe7cf\">\n#top .av-special-heading.av-av_heading-51935c73d44f5bc3901debf226bbe7cf{\npadding-bottom:10px;\n}\n<\/style>\n<div  class='av-special-heading av-av_heading-51935c73d44f5bc3901debf226bbe7cf av-special-heading-h3 blockquote modern-quote modern-centered  avia-builder-el-1  el_after_av_slideshow_full  el_before_av_textblock  avia-builder-el-first  '><h3 class='av-special-heading-tag '  itemprop=\"headline\"  >Architettura Sonora, marca distribuida por COMIBA<\/h3><div class='special-heading-border'><div class='special-heading-inner-border'><\/div><\/div><\/div>\n<section class=\"av_textblock_section \"  itemscope=\"itemscope\" itemtype=\"https:\/\/schema.org\/CreativeWork\" ><div class='avia_textblock  '   itemprop=\"text\" ><p>A continuaci\u00f3n hemos extraido un peque\u00f1o fragmento de informaci\u00f3n de la historia de marca Italiana Architettura Sonora. En la zona inferior de esta web disponemos de:<\/p>\n<ul>\n<li style=\"list-style-type: none;\">\n<ul>\n<li style=\"list-style-type: none;\">\n<ul>\n<li style=\"list-style-type: none;\">\n<ul>\n<li style=\"list-style-type: none;\">\n<ul>\n<li style=\"list-style-type: none;\">\n<ul>\n<li>Enlace a la web oficial de Architettura Sonora.<\/li>\n<\/ul>\n<\/li>\n<\/ul>\n<\/li>\n<\/ul>\n<\/li>\n<\/ul>\n<\/li>\n<\/ul>\n<\/li>\n<\/ul>\n<ul>\n<li style=\"list-style-type: none;\">\n<ul>\n<li style=\"list-style-type: none;\">\n<ul>\n<li style=\"list-style-type: none;\">\n<ul>\n<li style=\"list-style-type: none;\">\n<ul>\n<li style=\"list-style-type: none;\">\n<ul>\n<li>Enlace a la seccion para distribuidores de COMIBA.<\/li>\n<\/ul>\n<\/li>\n<\/ul>\n<\/li>\n<\/ul>\n<\/li>\n<\/ul>\n<\/li>\n<\/ul>\n<\/li>\n<\/ul>\n<ul>\n<li style=\"list-style-type: none;\">\n<ul>\n<li style=\"list-style-type: none;\">\n<ul>\n<li style=\"list-style-type: none;\">\n<ul>\n<li style=\"list-style-type: none;\">\n<ul>\n<li style=\"list-style-type: none;\">\n<ul>\n<li>Noticias y Ofertas relacionadas con Architettura Sonora.<\/li>\n<\/ul>\n<\/li>\n<\/ul>\n<\/li>\n<\/ul>\n<\/li>\n<\/ul>\n<\/li>\n<\/ul>\n<\/li>\n<\/ul>\n<\/div><\/section>\n<div  class='hr av-av_hr-dcd2069817a0e3d34ae04cad8f3443c7 hr-default  avia-builder-el-3  el_after_av_textblock  el_before_av_one_full  '><span class='hr-inner '><span class=\"hr-inner-style\"><\/span><\/span><\/div>\n<div class='flex_column av-av_one_full-2a9015ff38129c418a3f2eafba3e9512 av_one_full  avia-builder-el-4  el_after_av_hr  el_before_av_hr  first flex_column_div '   ><p>\n<style type=\"text\/css\" data-created_by=\"avia_inline_auto\" id=\"style-css-av-av_image-84663305c018aa5dd7557c8b9854b4c4\">\n.avia-image-container.av-av_image-84663305c018aa5dd7557c8b9854b4c4 .av-image-caption-overlay-center{\ncolor:#ffffff;\n}\n<\/style>\n<div  class='avia-image-container av-av_image-84663305c018aa5dd7557c8b9854b4c4 av-styling- avia-align-center  avia-builder-el-5  el_before_av_heading  avia-builder-el-first  '  itemprop=\"image\" itemscope=\"itemscope\" itemtype=\"https:\/\/schema.org\/ImageObject\" ><div class=\"avia-image-container-inner\"><div class=\"avia-image-overlay-wrap\"><img decoding=\"async\" class='wp-image-319 avia-img-lazy-loading-not-319 avia_image' src=\"https:\/\/comiba.es\/web\/wp-content\/uploads\/2017\/03\/architettura-1178x423.png\" alt='' title='architettura'  height=\"423\" width=\"1178\"  itemprop=\"thumbnailUrl\"  \/><\/div><\/div><\/div><br \/>\n\n<style type=\"text\/css\" data-created_by=\"avia_inline_auto\" id=\"style-css-av-av_heading-6e8eb8c1ad9ecc272c65dfdf05f428d7\">\n#top .av-special-heading.av-av_heading-6e8eb8c1ad9ecc272c65dfdf05f428d7{\npadding-bottom:10px;\n}\n<\/style>\n<div  class='av-special-heading av-av_heading-6e8eb8c1ad9ecc272c65dfdf05f428d7 av-special-heading-h3 blockquote modern-quote modern-centered  avia-builder-el-6  el_after_av_image  el_before_av_textblock  '><h3 class='av-special-heading-tag '  itemprop=\"headline\"  >Architettura Sonora (Historia)<\/h3><div class='special-heading-border'><div class='special-heading-inner-border'><\/div><\/div><\/div><br \/>\n<section class=\"av_textblock_section \"  itemscope=\"itemscope\" itemtype=\"https:\/\/schema.org\/CreativeWork\" ><div class='avia_textblock  '   itemprop=\"text\" ><div class=\"title-wrapper\"><\/div>\n<div class=\"region-content\">\n<div id=\"node-17198\" class=\"node node--page node--full node--page--full clearfix\">\n<div class=\"content\">\n<div class=\"field field--name-body field--type-text-with-summary field--label-hidden\">\n<div class=\"field__items\">\n<div class=\"field__item even\">\n<h3 class=\"col col-00\">MISSION<\/h3>\n<h2 class=\"col col-30\">ARCHITECTS OF SOUND<\/h2>\n<div class=\"col col-00\">\n<div class=\"page\" title=\"Page 5\">\n<div class=\"layoutArea\">\n<div class=\"column\">\n<div class=\"page\" title=\"Page 5\">\n<div class=\"layoutArea\">\n<div class=\"column\">\n<div class=\"page\" title=\"Page 5\">\n<div class=\"layoutArea\">\n<div class=\"column\">\n<p>Born with a mission \u201cTo get the best possible sound from the best looking speakers\u201d, <strong>Architettura Sonora<\/strong> consists of a creative team of acousticians, engineers, architects and landscape designers sharing the same enthusiastic vision\u00a0to redesign the reality of space and landscape through an immersive sound experience.<br \/>\nLaunched in 2009 as a division of the B&amp;C Speakers Group, one of the largest and most prestigious professional loudspeaker transducer manufacturers in the world, <strong>Architettura Sonora<\/strong>\u00a0\u2013 <strong>AS<\/strong> \u2013 is a unique audio brand that has become in no time a pioneer in the sonic industry. Combining unparalleled expertise in design and innovation with the long-standing Italian forte, <strong>AS<\/strong> is a revolutionary designer of high-performing audio solutions and outdoor acoustic experiences, with an increasing imprint in the indoor world.<\/p>\n<\/div>\n<\/div>\n<\/div>\n<\/div>\n<\/div>\n<\/div>\n<\/div>\n<\/div>\n<\/div>\n<\/div>\n<\/div>\n<\/div>\n<\/div>\n<\/div>\n<\/div>\n<\/div>\n<\/div><\/section><\/p><\/div>\n<div  class='hr av-av_hr-dcd2069817a0e3d34ae04cad8f3443c7 hr-default  avia-builder-el-8  el_after_av_one_full  el_before_av_one_half  '><span class='hr-inner '><span class=\"hr-inner-style\"><\/span><\/span><\/div>\n<div class='flex_column av-av_one_half-2a9015ff38129c418a3f2eafba3e9512 av_one_half  avia-builder-el-9  el_after_av_hr  el_before_av_one_half  first flex_column_div '   ><p>\n<style type=\"text\/css\" data-created_by=\"avia_inline_auto\" id=\"style-css-av-av_heading-c0f4fd9ed11f849d8e2577db66fb5df6\">\n#top .av-special-heading.av-av_heading-c0f4fd9ed11f849d8e2577db66fb5df6{\npadding-bottom:10px;\n}\n<\/style>\n<div  class='av-special-heading av-av_heading-c0f4fd9ed11f849d8e2577db66fb5df6 av-special-heading-h3 blockquote modern-quote modern-centered  avia-builder-el-10  el_before_av_button  avia-builder-el-first  '><h3 class='av-special-heading-tag '  itemprop=\"headline\"  >Informaci\u00f3n de Architettura Sonora en su p\u00e1gina web:<\/h3><div class='special-heading-border'><div class='special-heading-inner-border'><\/div><\/div><\/div><br \/>\n<div  class='avia-button-wrap avia-button-center  avia-builder-el-11  el_after_av_heading  avia-builder-el-last ' ><a href='http:\/\/architetturasonora.com\/'  class='avia-button av-av_button-c1bbc29149771a9854ce97401e625c42 avia-icon_select-yes-left-icon avia-size-x-large avia-position-center av-icon-on-hover avia-color-theme-color ' ><span class='avia_button_icon avia_button_icon_left' aria-hidden='true' data-av_icon='\ue822' data-av_iconfont='entypo-fontello'><\/span><span class='avia_iconbox_title' >web oficial de Architettura Sonora<\/span><\/a><\/div><\/p><\/div>\n<div class='flex_column av-av_one_half-61f1f3fb8a14755dafdb04b8bcedc67a av_one_half  avia-builder-el-12  el_after_av_one_half  el_before_av_hr  flex_column_div '   ><p>\n<style type=\"text\/css\" data-created_by=\"avia_inline_auto\" id=\"style-css-av-av_heading-3315765a9237ee3eb5476c6c3cc97950\">\n#top .av-special-heading.av-av_heading-3315765a9237ee3eb5476c6c3cc97950{\npadding-bottom:10px;\n}\n<\/style>\n<div  class='av-special-heading av-av_heading-3315765a9237ee3eb5476c6c3cc97950 av-special-heading-h3 blockquote modern-quote modern-centered  avia-builder-el-13  el_before_av_button  avia-builder-el-first  '><h3 class='av-special-heading-tag '  itemprop=\"headline\"  >Acceso al area privada para distribuidores COMIBA:<\/h3><div class='special-heading-border'><div class='special-heading-inner-border'><\/div><\/div><\/div><br \/>\n<div  class='avia-button-wrap avia-button-center  avia-builder-el-14  el_after_av_heading  avia-builder-el-last ' ><a href='http:\/\/comiba.es\/web\/2016\/11\/16\/private\/'  class='avia-button av-av_button-3581757e696da1ac0f9d753e261f4abf avia-icon_select-yes-left-icon avia-size-x-large avia-position-center av-icon-on-hover avia-color-theme-color ' ><span class='avia_button_icon avia_button_icon_left' aria-hidden='true' data-av_icon='\ue80a' data-av_iconfont='entypo-fontello'><\/span><span class='avia_iconbox_title' >Acceso solo para distribuidores<\/span><\/a><\/div><\/p><\/div>\n<div  class='hr av-av_hr-dcd2069817a0e3d34ae04cad8f3443c7 hr-default  avia-builder-el-15  el_after_av_one_half  el_before_av_heading  '><span class='hr-inner '><span class=\"hr-inner-style\"><\/span><\/span><\/div>\n\n<style type=\"text\/css\" data-created_by=\"avia_inline_auto\" id=\"style-css-av-av_heading-b2eb9d6e139b5b582c1726f459edf40e\">\n#top .av-special-heading.av-av_heading-b2eb9d6e139b5b582c1726f459edf40e{\npadding-bottom:10px;\n}\n<\/style>\n<div  class='av-special-heading av-av_heading-b2eb9d6e139b5b582c1726f459edf40e av-special-heading-h3 blockquote modern-quote modern-centered  avia-builder-el-16  el_after_av_hr  el_before_av_one_half  '><h3 class='av-special-heading-tag '  itemprop=\"headline\"  >Publicaciones, ofertas o productos de Architettura Sonora en COMIBA.es<\/h3><div class='special-heading-border'><div class='special-heading-inner-border'><\/div><\/div><\/div>\n<div class='flex_column av-av_one_half-2a9015ff38129c418a3f2eafba3e9512 av_one_half  avia-builder-el-17  el_after_av_heading  el_before_av_one_half  first flex_column_div '   ><div  class='av-alb-blogposts template-blog  '  itemscope=\"itemscope\" itemtype=\"https:\/\/schema.org\/Blog\" >\n    <article class=\"entry\">\n        <header class=\"entry-content-header\">\n            <h1 class='post-title entry-title '>\u2716 No hay resultados<\/h1>        <\/header>\n\n        <p class=\"entry-content\"  itemprop=\"text\" >Lo sentimos, no hay entradas que coincidan con tu b\u00fasqueda.<\/p>\n\n        <footer class=\"entry-footer\"><\/footer>\n    <\/article>\n\n<div class='single-big'><\/div><\/div><\/div>\n<div class='flex_column av-av_one_half-61f1f3fb8a14755dafdb04b8bcedc67a av_one_half  avia-builder-el-19  el_after_av_one_half  avia-builder-el-last  flex_column_div '   ><div  class='av-alb-blogposts template-blog  '  itemscope=\"itemscope\" itemtype=\"https:\/\/schema.org\/Blog\" >\n    <article class=\"entry\">\n        <header class=\"entry-content-header\">\n            <h1 class='post-title entry-title '>\u2716 No hay resultados<\/h1>        <\/header>\n\n        <p class=\"entry-content\"  itemprop=\"text\" >Lo sentimos, no hay entradas que coincidan con tu b\u00fasqueda.<\/p>\n\n        <footer class=\"entry-footer\"><\/footer>\n    <\/article>\n\n<div class='single-big'><\/div><\/div><\/div>\n","protected":false},"excerpt":{"rendered":"","protected":false},"author":1,"featured_media":248,"parent":251,"menu_order":0,"comment_status":"closed","ping_status":"closed","template":"","meta":{"footnotes":""},"yoast_head":"<!-- This site is optimized with the Yoast SEO plugin v23.5 - https:\/\/yoast.com\/wordpress\/plugins\/seo\/ -->\n<title>ARCHITETTURA SONORA - Comiba.es<\/title>\n<meta name=\"description\" content=\"Architettura Sonora consists of a creative team of acousticians, engineers, architects and landscape designers\" \/>\n<meta name=\"robots\" content=\"index, follow, max-snippet:-1, max-image-preview:large, max-video-preview:-1\" \/>\n<link rel=\"canonical\" href=\"https:\/\/comiba.es\/web\/marcas\/architetturasonora\/\" \/>\n<meta property=\"og:locale\" content=\"es_ES\" \/>\n<meta property=\"og:type\" content=\"article\" \/>\n<meta property=\"og:title\" content=\"ARCHITETTURA SONORA - Comiba.es\" \/>\n<meta property=\"og:description\" content=\"Architettura Sonora consists of a creative team of acousticians, engineers, architects and landscape designers\" \/>\n<meta property=\"og:url\" content=\"https:\/\/comiba.es\/web\/marcas\/architetturasonora\/\" \/>\n<meta property=\"og:site_name\" content=\"Comiba.es\" \/>\n<meta property=\"article:publisher\" content=\"https:\/\/www.facebook.com\/Distribuciones-Comiba-426337887489214\" \/>\n<meta property=\"article:modified_time\" content=\"2023-06-13T07:56:25+00:00\" \/>\n<meta property=\"og:image\" content=\"https:\/\/comiba.es\/web\/wp-content\/uploads\/2017\/03\/6architettura2.jpg\" \/>\n\t<meta property=\"og:image:width\" content=\"1920\" \/>\n\t<meta property=\"og:image:height\" content=\"600\" \/>\n\t<meta property=\"og:image:type\" content=\"image\/jpeg\" \/>\n<meta name=\"twitter:card\" content=\"summary_large_image\" \/>\n<meta name=\"twitter:label1\" content=\"Tiempo de lectura\" \/>\n\t<meta name=\"twitter:data1\" content=\"4 minutos\" \/>\n<script type=\"application\/ld+json\" class=\"yoast-schema-graph\">{\"@context\":\"https:\/\/schema.org\",\"@graph\":[{\"@type\":\"WebPage\",\"@id\":\"https:\/\/comiba.es\/web\/marcas\/architetturasonora\/\",\"url\":\"https:\/\/comiba.es\/web\/marcas\/architetturasonora\/\",\"name\":\"ARCHITETTURA SONORA - Comiba.es\",\"isPartOf\":{\"@id\":\"https:\/\/comiba.es\/web\/#website\"},\"primaryImageOfPage\":{\"@id\":\"https:\/\/comiba.es\/web\/marcas\/architetturasonora\/#primaryimage\"},\"image\":{\"@id\":\"https:\/\/comiba.es\/web\/marcas\/architetturasonora\/#primaryimage\"},\"thumbnailUrl\":\"https:\/\/comiba.es\/web\/wp-content\/uploads\/2017\/03\/6architettura2.jpg\",\"datePublished\":\"2017-03-19T23:53:28+00:00\",\"dateModified\":\"2023-06-13T07:56:25+00:00\",\"description\":\"Architettura Sonora consists of a creative team of acousticians, engineers, architects and landscape designers\",\"breadcrumb\":{\"@id\":\"https:\/\/comiba.es\/web\/marcas\/architetturasonora\/#breadcrumb\"},\"inLanguage\":\"es\",\"potentialAction\":[{\"@type\":\"ReadAction\",\"target\":[\"https:\/\/comiba.es\/web\/marcas\/architetturasonora\/\"]}]},{\"@type\":\"ImageObject\",\"inLanguage\":\"es\",\"@id\":\"https:\/\/comiba.es\/web\/marcas\/architetturasonora\/#primaryimage\",\"url\":\"https:\/\/comiba.es\/web\/wp-content\/uploads\/2017\/03\/6architettura2.jpg\",\"contentUrl\":\"https:\/\/comiba.es\/web\/wp-content\/uploads\/2017\/03\/6architettura2.jpg\",\"width\":1920,\"height\":600},{\"@type\":\"BreadcrumbList\",\"@id\":\"https:\/\/comiba.es\/web\/marcas\/architetturasonora\/#breadcrumb\",\"itemListElement\":[{\"@type\":\"ListItem\",\"position\":1,\"name\":\"Portada\",\"item\":\"https:\/\/comiba.es\/web\/inicio\/\"},{\"@type\":\"ListItem\",\"position\":2,\"name\":\"Marcas\",\"item\":\"https:\/\/comiba.es\/web\/marcas\/\"},{\"@type\":\"ListItem\",\"position\":3,\"name\":\"ARCHITETTURA SONORA\"}]},{\"@type\":\"WebSite\",\"@id\":\"https:\/\/comiba.es\/web\/#website\",\"url\":\"https:\/\/comiba.es\/web\/\",\"name\":\"Comiba.es\",\"description\":\"Distribuidor autorizado de productos audiovisuales &amp; car audio.\",\"publisher\":{\"@id\":\"https:\/\/comiba.es\/web\/#organization\"},\"potentialAction\":[{\"@type\":\"SearchAction\",\"target\":{\"@type\":\"EntryPoint\",\"urlTemplate\":\"https:\/\/comiba.es\/web\/?s={search_term_string}\"},\"query-input\":{\"@type\":\"PropertyValueSpecification\",\"valueRequired\":true,\"valueName\":\"search_term_string\"}}],\"inLanguage\":\"es\"},{\"@type\":\"Organization\",\"@id\":\"https:\/\/comiba.es\/web\/#organization\",\"name\":\"Comiba.es\",\"url\":\"https:\/\/comiba.es\/web\/\",\"logo\":{\"@type\":\"ImageObject\",\"inLanguage\":\"es\",\"@id\":\"https:\/\/comiba.es\/web\/#\/schema\/logo\/image\/\",\"url\":\"https:\/\/comiba.es\/web\/wp-content\/uploads\/2023\/03\/logo-portada.png\",\"contentUrl\":\"https:\/\/comiba.es\/web\/wp-content\/uploads\/2023\/03\/logo-portada.png\",\"width\":191,\"height\":127,\"caption\":\"Comiba.es\"},\"image\":{\"@id\":\"https:\/\/comiba.es\/web\/#\/schema\/logo\/image\/\"},\"sameAs\":[\"https:\/\/www.facebook.com\/Distribuciones-Comiba-426337887489214\",\"https:\/\/www.instagram.com\/distribuciones_comiba\/?hl=es\"]}]}<\/script>\n<!-- \/ Yoast SEO plugin. -->","yoast_head_json":{"title":"ARCHITETTURA SONORA - Comiba.es","description":"Architettura Sonora consists of a creative team of acousticians, engineers, architects and landscape designers","robots":{"index":"index","follow":"follow","max-snippet":"max-snippet:-1","max-image-preview":"max-image-preview:large","max-video-preview":"max-video-preview:-1"},"canonical":"https:\/\/comiba.es\/web\/marcas\/architetturasonora\/","og_locale":"es_ES","og_type":"article","og_title":"ARCHITETTURA SONORA - Comiba.es","og_description":"Architettura Sonora consists of a creative team of acousticians, engineers, architects and landscape designers","og_url":"https:\/\/comiba.es\/web\/marcas\/architetturasonora\/","og_site_name":"Comiba.es","article_publisher":"https:\/\/www.facebook.com\/Distribuciones-Comiba-426337887489214","article_modified_time":"2023-06-13T07:56:25+00:00","og_image":[{"width":1920,"height":600,"url":"https:\/\/comiba.es\/web\/wp-content\/uploads\/2017\/03\/6architettura2.jpg","type":"image\/jpeg"}],"twitter_card":"summary_large_image","twitter_misc":{"Tiempo de lectura":"4 minutos"},"schema":{"@context":"https:\/\/schema.org","@graph":[{"@type":"WebPage","@id":"https:\/\/comiba.es\/web\/marcas\/architetturasonora\/","url":"https:\/\/comiba.es\/web\/marcas\/architetturasonora\/","name":"ARCHITETTURA SONORA - Comiba.es","isPartOf":{"@id":"https:\/\/comiba.es\/web\/#website"},"primaryImageOfPage":{"@id":"https:\/\/comiba.es\/web\/marcas\/architetturasonora\/#primaryimage"},"image":{"@id":"https:\/\/comiba.es\/web\/marcas\/architetturasonora\/#primaryimage"},"thumbnailUrl":"https:\/\/comiba.es\/web\/wp-content\/uploads\/2017\/03\/6architettura2.jpg","datePublished":"2017-03-19T23:53:28+00:00","dateModified":"2023-06-13T07:56:25+00:00","description":"Architettura Sonora consists of a creative team of acousticians, engineers, architects and landscape designers","breadcrumb":{"@id":"https:\/\/comiba.es\/web\/marcas\/architetturasonora\/#breadcrumb"},"inLanguage":"es","potentialAction":[{"@type":"ReadAction","target":["https:\/\/comiba.es\/web\/marcas\/architetturasonora\/"]}]},{"@type":"ImageObject","inLanguage":"es","@id":"https:\/\/comiba.es\/web\/marcas\/architetturasonora\/#primaryimage","url":"https:\/\/comiba.es\/web\/wp-content\/uploads\/2017\/03\/6architettura2.jpg","contentUrl":"https:\/\/comiba.es\/web\/wp-content\/uploads\/2017\/03\/6architettura2.jpg","width":1920,"height":600},{"@type":"BreadcrumbList","@id":"https:\/\/comiba.es\/web\/marcas\/architetturasonora\/#breadcrumb","itemListElement":[{"@type":"ListItem","position":1,"name":"Portada","item":"https:\/\/comiba.es\/web\/inicio\/"},{"@type":"ListItem","position":2,"name":"Marcas","item":"https:\/\/comiba.es\/web\/marcas\/"},{"@type":"ListItem","position":3,"name":"ARCHITETTURA SONORA"}]},{"@type":"WebSite","@id":"https:\/\/comiba.es\/web\/#website","url":"https:\/\/comiba.es\/web\/","name":"Comiba.es","description":"Distribuidor autorizado de productos audiovisuales &amp; car audio.","publisher":{"@id":"https:\/\/comiba.es\/web\/#organization"},"potentialAction":[{"@type":"SearchAction","target":{"@type":"EntryPoint","urlTemplate":"https:\/\/comiba.es\/web\/?s={search_term_string}"},"query-input":{"@type":"PropertyValueSpecification","valueRequired":true,"valueName":"search_term_string"}}],"inLanguage":"es"},{"@type":"Organization","@id":"https:\/\/comiba.es\/web\/#organization","name":"Comiba.es","url":"https:\/\/comiba.es\/web\/","logo":{"@type":"ImageObject","inLanguage":"es","@id":"https:\/\/comiba.es\/web\/#\/schema\/logo\/image\/","url":"https:\/\/comiba.es\/web\/wp-content\/uploads\/2023\/03\/logo-portada.png","contentUrl":"https:\/\/comiba.es\/web\/wp-content\/uploads\/2023\/03\/logo-portada.png","width":191,"height":127,"caption":"Comiba.es"},"image":{"@id":"https:\/\/comiba.es\/web\/#\/schema\/logo\/image\/"},"sameAs":["https:\/\/www.facebook.com\/Distribuciones-Comiba-426337887489214","https:\/\/www.instagram.com\/distribuciones_comiba\/?hl=es"]}]}},"_links":{"self":[{"href":"https:\/\/comiba.es\/web\/wp-json\/wp\/v2\/pages\/318"}],"collection":[{"href":"https:\/\/comiba.es\/web\/wp-json\/wp\/v2\/pages"}],"about":[{"href":"https:\/\/comiba.es\/web\/wp-json\/wp\/v2\/types\/page"}],"author":[{"embeddable":true,"href":"https:\/\/comiba.es\/web\/wp-json\/wp\/v2\/users\/1"}],"replies":[{"embeddable":true,"href":"https:\/\/comiba.es\/web\/wp-json\/wp\/v2\/comments?post=318"}],"version-history":[{"count":4,"href":"https:\/\/comiba.es\/web\/wp-json\/wp\/v2\/pages\/318\/revisions"}],"predecessor-version":[{"id":1186,"href":"https:\/\/comiba.es\/web\/wp-json\/wp\/v2\/pages\/318\/revisions\/1186"}],"up":[{"embeddable":true,"href":"https:\/\/comiba.es\/web\/wp-json\/wp\/v2\/pages\/251"}],"wp:featuredmedia":[{"embeddable":true,"href":"https:\/\/comiba.es\/web\/wp-json\/wp\/v2\/media\/248"}],"wp:attachment":[{"href":"https:\/\/comiba.es\/web\/wp-json\/wp\/v2\/media?parent=318"}],"curies":[{"name":"wp","href":"https:\/\/api.w.org\/{rel}","templated":true}]}}